{"id":1556,"date":"2025-11-02T15:48:06","date_gmt":"2025-11-02T14:48:06","guid":{"rendered":"http:\/\/kotlinafishing.pl\/?post_type=product&#038;p=1556"},"modified":"2025-11-03T15:22:19","modified_gmt":"2025-11-03T14:22:19","slug":"splawik-team-eva-carp-matchpro","status":"publish","type":"product","link":"https:\/\/kotlinafishing.pl\/?product=splawik-team-eva-carp-matchpro","title":{"rendered":"Sp\u0142awik Team EVA Carp MatchPro"},"content":{"rendered":"<p>Znakomitej jako\u015bci zawodniczy sp\u0142awik do tyczki. Zaprojektowany do \u0142owienia du\u017cych ryb na \u0142owiskach komercyjnych. Pancerna budowa oraz du\u017ca czu\u0142o\u015b\u0107 czyni\u0105 go idealnym sp\u0142awikiem na ka\u017cde warunki! Korpus wykonany z pianki EVA. Testowany z powodzeniem przez Team Matchpro.<\/p>\n","protected":false},"excerpt":{"rendered":"<p>Znakomitej jako\u015bci zawodniczy sp\u0142awik do tyczki. Zaprojektowany do \u0142owienia du\u017cych ryb na \u0142owiskach komercyjnych. Pancerna budowa oraz du\u017ca czu\u0142o\u015b\u0107 czyni\u0105 go idealnym sp\u0142awikiem na ka\u017cde warunki! Korpus wykonany z pianki EVA. Testowany z powodzeniem przez Team Matchpro.<\/p>\n","protected":false},"featured_media":1561,"template":"","meta":[],"product_brand":[24],"product_cat":[116,118,18],"product_tag":[],"class_list":{"0":"post-1556","1":"product","2":"type-product","3":"status-publish","4":"has-post-thumbnail","6":"product_brand-matchpro","7":"product_cat-splawiki","8":"product_cat-splawiki-do-bata-i-tyczki","9":"product_cat-splawik","11":"first","12":"instock","13":"shipping-taxable","14":"purchasable","15":"product-type-variable"},"_links":{"self":[{"href":"https:\/\/kotlinafishing.pl\/index.php?rest_route=\/wp\/v2\/product\/1556","targetHints":{"allow":["GET"]}}],"collection":[{"href":"https:\/\/kotlinafishing.pl\/index.php?rest_route=\/wp\/v2\/product"}],"about":[{"href":"https:\/\/kotlinafishing.pl\/index.php?rest_route=\/wp\/v2\/types\/product"}],"wp:featuredmedia":[{"embeddable":true,"href":"https:\/\/kotlinafishing.pl\/index.php?rest_route=\/wp\/v2\/media\/1561"}],"wp:attachment":[{"href":"https:\/\/kotlinafishing.pl\/index.php?rest_route=%2Fwp%2Fv2%2Fmedia&parent=1556"}],"wp:term":[{"taxonomy":"product_brand","embeddable":true,"href":"https:\/\/kotlinafishing.pl\/index.php?rest_route=%2Fwp%2Fv2%2Fproduct_brand&post=1556"},{"taxonomy":"product_cat","embeddable":true,"href":"https:\/\/kotlinafishing.pl\/index.php?rest_route=%2Fwp%2Fv2%2Fproduct_cat&post=1556"},{"taxonomy":"product_tag","embeddable":true,"href":"https:\/\/kotlinafishing.pl\/index.php?rest_route=%2Fwp%2Fv2%2Fproduct_tag&post=1556"}],"curies":[{"name":"wp","href":"https:\/\/api.w.org\/{rel}","templated":true}]}}