{"id":1469,"date":"2025-10-31T16:29:56","date_gmt":"2025-10-31T15:29:56","guid":{"rendered":"http:\/\/kotlinafishing.pl\/?post_type=product&#038;p=1469"},"modified":"2026-03-28T11:32:06","modified_gmt":"2026-03-28T10:32:06","slug":"mikado-fishunter-7cm-13-1szt-2","status":"publish","type":"product","link":"https:\/\/kotlinafishing.pl\/?product=mikado-fishunter-7cm-13-1szt-2","title":{"rendered":"Mikado Fishunter 7cm\/13 1szt."},"content":{"rendered":"<p>Prace nad t\u0105 legendarn\u0105 przyn\u0119t\u0105 rozpocz\u0119\u0142y si\u0119 w 2006 roku. Potrzeba stworzenia nowej jako\u015bci w dziedzinie mi\u0119kkich wabik\u00f3w zrodzi\u0142a si\u0119 z wyra\u017anych niedoskona\u0142o\u015bci przyn\u0119t wtedy dost\u0119pnych oraz pomys\u0142\u00f3w i potrzeb, powsta\u0142ych podczas wielogodzinnych po\u0142ow\u00f3w drapie\u017cnik\u00f3w metoda spinningow\u0105. Pierwsze prototypy ukierunkowane by\u0142y na stworzenie nowatorskiego kszta\u0142tu przyn\u0119ty poprzez przekonstruowanie uk\u0142adu korpus-ogonek-\u0142opatka tak, by uzyska\u0107 niezwykle agresywn\u0105 prac\u0119 uwidaczniaj\u0105c\u0105 si\u0119 ju\u017c w czasie opadu. Pogrubiony i przeci\u0105\u017cony korpus w po\u0142\u0105czeniu ze zwi\u0119kszon\u0105 p\u0142aszczyzn\u0105 ogonka zaowocowa\u0142y zupe\u0142nie nowa dynamik\u0105, daj\u0105c\u0105 w efekcie niezwykle siln\u0105 fal\u0119 hydroakustyczna mocniej prowokuj\u0105c\u0105 drapie\u017cniki do ataku. Kolejnym pomys\u0142em by\u0142o zaprojektowanie gniazda w przedniej cz\u0119\u015bci gumy, kt\u00f3re dopasowuje si\u0119 do kszta\u0142tu g\u0142\u00f3wki jigowej \u201ezasysaj\u0105c\u201d jej cz\u0119\u015b\u0107, co da\u0142o w efekcie lepsz\u0105 aerodynamik\u0119 oraz ograniczy\u0142o problemy ze \u015bci\u0105ganiem przyn\u0119ty z haczyka po nieudanym ataku drapie\u017cnika. Nast\u0119pnie kolej przysz\u0142a na takie dobranie sk\u0142adu i konsystencji tworzywa, z kt\u00f3rego nale\u017ca\u0142o wytworzy\u0107 Fishuntera, by uzyska\u0107 idealny wsp\u00f3\u0142czynnik pomi\u0119dzy spr\u0119\u017cysto\u015bci\u0105 mieszanki a jej trwa\u0142o\u015bci\u0105. Po wielu pr\u00f3bach i testach powsta\u0142a pierwsza wersja Fishuntera, zaprezentowana w naszym katalogu na sezon 2007. Przyn\u0119ta ta okaza\u0142a si\u0119 tak skutecznym wabikiem na drapie\u017cniki, \u017ce od samego pocz\u0105tku sta\u0142a si\u0119 bestsellerem na rynku w\u0119dkarstwa spinningowego i do dzi\u015b stanowi podstaw\u0119 w\u0119dkarskiego arsena\u0142u mi\u0142o\u015bnik\u00f3w spinningu w ca\u0142ej Europie.<\/p>\n<p><strong>Sprzedawane na sztuki.<\/strong><\/p>\n<p><strong>Kolor: 13<\/strong><\/p>\n","protected":false},"excerpt":{"rendered":"<p>Przyn\u0119ta ta okaza\u0142a si\u0119 tak skutecznym wabikiem na drapie\u017cniki, \u017ce od samego pocz\u0105tku sta\u0142a si\u0119 bestsellerem na rynku w\u0119dkarstwa spinningowego i do dzi\u015b stanowi podstaw\u0119 w\u0119dkarskiego arsena\u0142u mi\u0142o\u015bnik\u00f3w spinningu w ca\u0142ej Europie.<\/p>\n<p><strong>Sprzedawane na sztuki.<\/strong><\/p>\n","protected":false},"featured_media":1503,"template":"","meta":[],"product_brand":[22],"product_cat":[195,196,194,21],"product_tag":[],"class_list":{"0":"post-1469","1":"product","2":"type-product","3":"status-publish","4":"has-post-thumbnail","6":"product_brand-mikado","7":"product_cat-gumy","8":"product_cat-kopyta","9":"product_cat-przynety-spinningowe","10":"product_cat-spinning","11":"pa_dlugosc-7cm","12":"pa_marka-mikado","14":"first","15":"outofstock","16":"shipping-taxable","17":"purchasable","18":"product-type-simple"},"_links":{"self":[{"href":"https:\/\/kotlinafishing.pl\/index.php?rest_route=\/wp\/v2\/product\/1469","targetHints":{"allow":["GET"]}}],"collection":[{"href":"https:\/\/kotlinafishing.pl\/index.php?rest_route=\/wp\/v2\/product"}],"about":[{"href":"https:\/\/kotlinafishing.pl\/index.php?rest_route=\/wp\/v2\/types\/product"}],"wp:featuredmedia":[{"embeddable":true,"href":"https:\/\/kotlinafishing.pl\/index.php?rest_route=\/wp\/v2\/media\/1503"}],"wp:attachment":[{"href":"https:\/\/kotlinafishing.pl\/index.php?rest_route=%2Fwp%2Fv2%2Fmedia&parent=1469"}],"wp:term":[{"taxonomy":"product_brand","embeddable":true,"href":"https:\/\/kotlinafishing.pl\/index.php?rest_route=%2Fwp%2Fv2%2Fproduct_brand&post=1469"},{"taxonomy":"product_cat","embeddable":true,"href":"https:\/\/kotlinafishing.pl\/index.php?rest_route=%2Fwp%2Fv2%2Fproduct_cat&post=1469"},{"taxonomy":"product_tag","embeddable":true,"href":"https:\/\/kotlinafishing.pl\/index.php?rest_route=%2Fwp%2Fv2%2Fproduct_tag&post=1469"}],"curies":[{"name":"wp","href":"https:\/\/api.w.org\/{rel}","templated":true}]}}