{"id":1426,"date":"2025-10-30T19:27:52","date_gmt":"2025-10-30T18:27:52","guid":{"rendered":"http:\/\/kotlinafishing.pl\/?post_type=product&#038;p=1426"},"modified":"2026-03-28T20:58:58","modified_gmt":"2026-03-28T19:58:58","slug":"mikado-perfect-roach","status":"publish","type":"product","link":"https:\/\/kotlinafishing.pl\/?product=mikado-perfect-roach","title":{"rendered":"Mikado Perfect Roach 5cm Firetiger"},"content":{"rendered":"<p><strong>Perfect Roach<\/strong> to przyn\u0119ta, kt\u00f3ra ju\u017c podczas pierwszych test\u00f3w zdoby\u0142a uznanie w\u0119dkarzy na ca\u0142ym \u015bwiecie, dzi\u0119ki swojej niebywa\u0142ej skuteczno\u015bci podczas po\u0142owu sandaczy, okoni, szczupak\u00f3w oraz boleni. \u00a0Dobranie odpowiedniej mieszanki ekologicznego oraz mi\u0119kkiego silikonu pozbawionego ftalan\u00f3w (Phthalates free), w po\u0142\u0105czeniu z najwy\u017cszej jako\u015bci r\u0119cznym malowaniem, pozwoli\u0142o uzyska\u0107 firmie Mikado najwierniejsz\u0105 imitacj\u0119 p\u0142oci dost\u0119pn\u0105 na rynku. Przyn\u0119ta charakteryzuje si\u0119 doskona\u0142\u0105 prac\u0105 w ka\u017cdych warunkach, bez wzgl\u0119du na zastosowany ci\u0119\u017car g\u0142\u00f3wki jiggowej, dzi\u0119ki czemu \u017caden drapie\u017cnik nie przep\u0142ynie obok niej oboj\u0119tnie!<\/p>\n<p><strong>Sprzedawane na sztuki.<br \/>\nKolor: <\/strong>Firetiger<strong><br \/>\nD\u0142ugo\u015b\u0107:\u00a0<\/strong>5cm<\/p>\n","protected":false},"excerpt":{"rendered":"<p><strong>Perfect Roach<\/strong> to przyn\u0119ta, kt\u00f3ra ju\u017c podczas pierwszych test\u00f3w zdoby\u0142a uznanie w\u0119dkarzy na ca\u0142ym \u015bwiecie, dzi\u0119ki swojej niebywa\u0142ej skuteczno\u015bci podczas po\u0142owu sandaczy, okoni, szczupak\u00f3w oraz boleni. \u00a0Dobranie odpowiedniej mieszanki ekologicznego oraz mi\u0119kkiego silikonu pozbawionego ftalan\u00f3w (Phthalates free), w po\u0142\u0105czeniu z najwy\u017cszej jako\u015bci r\u0119cznym malowaniem, pozwoli\u0142o uzyska\u0107 firmie Mikado najwierniejsz\u0105 imitacj\u0119 p\u0142oci dost\u0119pn\u0105 na rynku. Przyn\u0119ta charakteryzuje si\u0119 doskona\u0142\u0105 prac\u0105 w ka\u017cdych warunkach, bez wzgl\u0119du na zastosowany ci\u0119\u017car g\u0142\u00f3wki jiggowej, dzi\u0119ki czemu \u017caden drapie\u017cnik nie przep\u0142ynie obok niej oboj\u0119tnie!<\/p>\n<p><strong>Sprzedawane na sztuki.<br \/>\nKolor: <\/strong>Firetiger<strong><br \/>\nD\u0142ugo\u015b\u0107:\u00a0<\/strong>5cm<\/p>\n","protected":false},"featured_media":1444,"template":"","meta":[],"product_brand":[22],"product_cat":[195,196,194,21],"product_tag":[],"class_list":{"0":"post-1426","1":"product","2":"type-product","3":"status-publish","4":"has-post-thumbnail","6":"product_brand-mikado","7":"product_cat-gumy","8":"product_cat-kopyta","9":"product_cat-przynety-spinningowe","10":"product_cat-spinning","11":"pa_dlugosc-5cm","12":"pa_marka-mikado","14":"first","15":"instock","16":"shipping-taxable","17":"purchasable","18":"product-type-simple"},"_links":{"self":[{"href":"https:\/\/kotlinafishing.pl\/index.php?rest_route=\/wp\/v2\/product\/1426","targetHints":{"allow":["GET"]}}],"collection":[{"href":"https:\/\/kotlinafishing.pl\/index.php?rest_route=\/wp\/v2\/product"}],"about":[{"href":"https:\/\/kotlinafishing.pl\/index.php?rest_route=\/wp\/v2\/types\/product"}],"wp:featuredmedia":[{"embeddable":true,"href":"https:\/\/kotlinafishing.pl\/index.php?rest_route=\/wp\/v2\/media\/1444"}],"wp:attachment":[{"href":"https:\/\/kotlinafishing.pl\/index.php?rest_route=%2Fwp%2Fv2%2Fmedia&parent=1426"}],"wp:term":[{"taxonomy":"product_brand","embeddable":true,"href":"https:\/\/kotlinafishing.pl\/index.php?rest_route=%2Fwp%2Fv2%2Fproduct_brand&post=1426"},{"taxonomy":"product_cat","embeddable":true,"href":"https:\/\/kotlinafishing.pl\/index.php?rest_route=%2Fwp%2Fv2%2Fproduct_cat&post=1426"},{"taxonomy":"product_tag","embeddable":true,"href":"https:\/\/kotlinafishing.pl\/index.php?rest_route=%2Fwp%2Fv2%2Fproduct_tag&post=1426"}],"curies":[{"name":"wp","href":"https:\/\/api.w.org\/{rel}","templated":true}]}}