{"id":1325,"date":"2025-10-30T19:12:17","date_gmt":"2025-10-30T18:12:17","guid":{"rendered":"http:\/\/kotlinafishing.pl\/?post_type=product&#038;p=1325"},"modified":"2025-10-30T19:13:43","modified_gmt":"2025-10-30T18:13:43","slug":"kretlik-barylkowy-z-agrafka-blaszkowa-sensual-mikado-10szt-2","status":"publish","type":"product","link":"https:\/\/kotlinafishing.pl\/?product=kretlik-barylkowy-z-agrafka-blaszkowa-sensual-mikado-10szt-2","title":{"rendered":"Kr\u0119tlik bary\u0142kowy z agrafk\u0105 blaszkow\u0105 Sensual Mikado (10szt.)"},"content":{"rendered":"<p>Pe\u0142na oferta kr\u0119tlik\u00f3w, agrafek oraz system\u00f3w kr\u0119tlik &#8211; agrafka. W naszym asortymencie, ka\u017cdy znajdzie co\u015b odpowiedniego dla siebie. Szeroka gama rodzaj\u00f3w oraz rozmiar\u00f3w pozwoli na dob\u00f3r odpowiedniego produktu do wybranej metody po\u0142owu.<\/p>\n<p><strong>Pakowane po 10szt.<\/strong><\/p>\n","protected":false},"excerpt":{"rendered":"<p>Pe\u0142na oferta kr\u0119tlik\u00f3w, agrafek oraz system\u00f3w kr\u0119tlik &#8211; agrafka. W naszym asortymencie, ka\u017cdy znajdzie co\u015b odpowiedniego dla siebie. Szeroka gama rodzaj\u00f3w oraz rozmiar\u00f3w pozwoli na dob\u00f3r odpowiedniego produktu do wybranej metody po\u0142owu.<\/p>\n<p><strong>Pakowane po 10szt.<\/strong><\/p>\n","protected":false},"featured_media":0,"template":"","meta":[],"product_brand":[22],"product_cat":[72,70,124,186,191,128,19,21,18],"product_tag":[],"class_list":{"0":"post-1325","1":"product","2":"type-product","3":"status-publish","5":"product_brand-mikado","6":"product_cat-agrafki-z-kretlikiem","7":"product_cat-akcesoria","8":"product_cat-akcesoria-do-budowy-zestawu","9":"product_cat-akcesoria-spinningowe","10":"product_cat-kretliki-z-agrafka-akcesoria-spinningowe","11":"product_cat-kretliki-z-agrafka","12":"product_cat-grunt","13":"product_cat-spinning","14":"product_cat-splawik","16":"first","17":"instock","18":"shipping-taxable","19":"purchasable","20":"product-type-variable"},"_links":{"self":[{"href":"https:\/\/kotlinafishing.pl\/index.php?rest_route=\/wp\/v2\/product\/1325","targetHints":{"allow":["GET"]}}],"collection":[{"href":"https:\/\/kotlinafishing.pl\/index.php?rest_route=\/wp\/v2\/product"}],"about":[{"href":"https:\/\/kotlinafishing.pl\/index.php?rest_route=\/wp\/v2\/types\/product"}],"wp:attachment":[{"href":"https:\/\/kotlinafishing.pl\/index.php?rest_route=%2Fwp%2Fv2%2Fmedia&parent=1325"}],"wp:term":[{"taxonomy":"product_brand","embeddable":true,"href":"https:\/\/kotlinafishing.pl\/index.php?rest_route=%2Fwp%2Fv2%2Fproduct_brand&post=1325"},{"taxonomy":"product_cat","embeddable":true,"href":"https:\/\/kotlinafishing.pl\/index.php?rest_route=%2Fwp%2Fv2%2Fproduct_cat&post=1325"},{"taxonomy":"product_tag","embeddable":true,"href":"https:\/\/kotlinafishing.pl\/index.php?rest_route=%2Fwp%2Fv2%2Fproduct_tag&post=1325"}],"curies":[{"name":"wp","href":"https:\/\/api.w.org\/{rel}","templated":true}]}}