{"id":1318,"date":"2025-10-22T11:03:42","date_gmt":"2025-10-22T09:03:42","guid":{"rendered":"http:\/\/kotlinafishing.pl\/?post_type=product&#038;p=1318"},"modified":"2025-10-22T11:03:42","modified_gmt":"2025-10-22T09:03:42","slug":"agrafka-quick-lock-snap-dragon-10szt","status":"publish","type":"product","link":"https:\/\/kotlinafishing.pl\/?product=agrafka-quick-lock-snap-dragon-10szt","title":{"rendered":"Agrafka Quick Lock Snap Dragon (10szt.)"},"content":{"rendered":"<p><b>Dragon Quick Lock Snap<\/b> to innowacyjna agrafka dedykowana g\u0142\u00f3wnie dla w\u0119dkarzy spinningowych, dla kt\u00f3rych <b>szybka wymiana przyn\u0119ty<\/b> jest kluczowa.<\/p>\n<ul>\n<li><b>System Quick-Lock:<\/b> Rewolucyjna konstrukcja pozwala na <b>b\u0142yskawiczn\u0105 zmian\u0119 przyn\u0119ty bez konieczno\u015bci otwierania i zamykania<\/b> agrafki. Wystarczy prze\u0142o\u017cy\u0107 oczko przyn\u0119ty przez specjalnie ukszta\u0142towany drut.<\/li>\n<li><b>Niezawodno\u015b\u0107:<\/b> Dzi\u0119ki temu, \u017ce stalowy drut jest ci\u0105gle \u015bci\u015bni\u0119ty, system jest <b>niezawodny<\/b> \u2013 testy wykaza\u0142y, \u017ce wyczepienie przyn\u0119ty przy rzucie czy holu jest praktycznie niemo\u017cliwe.<\/li>\n<li><b>Trwa\u0142o\u015b\u0107:<\/b> Brak konieczno\u015bci wielokrotnego rozginania i zaginania stali, co znacz\u0105co <b>wyd\u0142u\u017ca \u017cywotno\u015b\u0107<\/b> agrafki i utrzymuje jej pe\u0142n\u0105 wytrzyma\u0142o\u015b\u0107.<\/li>\n<li><b>Mocna Stal:<\/b> Wykonana z wysokiej jako\u015bci drutu stalowego, zapewniaj\u0105cego <b>wysok\u0105 wytrzyma\u0142o\u015b\u0107<\/b> (dost\u0119pna w r\u00f3\u017cnych rozmiarach i no\u015bno\u015bci, np. od 8 kg do 16 kg).<\/li>\n<\/ul>\n<p><b>Dragon Quick Lock Snap<\/b> to ulubiony wyb\u00f3r profesjonalist\u00f3w i amator\u00f3w spinningu, kt\u00f3rzy ceni\u0105 sobie szybko\u015b\u0107, wygod\u0119 i absolutn\u0105 pewno\u015b\u0107 po\u0142\u0105czenia.<\/p>\n<p><strong>Pakowane po 10szt.<\/strong><\/p>\n","protected":false},"excerpt":{"rendered":"<p><b>Dragon Quick Lock Snap<\/b> to innowacyjna agrafka dedykowana g\u0142\u00f3wnie dla w\u0119dkarzy spinningowych, dla kt\u00f3rych <b>szybka wymiana przyn\u0119ty<\/b> jest kluczowa.<\/p>\n<p><strong>Pakowane po 10szt.<\/strong><\/p>\n","protected":false},"featured_media":0,"template":"","meta":[],"product_brand":[99],"product_cat":[188,186,21],"product_tag":[],"class_list":{"0":"post-1318","1":"product","2":"type-product","3":"status-publish","5":"product_brand-dragon","6":"product_cat-agrafki-akcesoria-spinningowe","7":"product_cat-akcesoria-spinningowe","8":"product_cat-spinning","10":"first","11":"instock","12":"shipping-taxable","13":"purchasable","14":"product-type-variable"},"_links":{"self":[{"href":"https:\/\/kotlinafishing.pl\/index.php?rest_route=\/wp\/v2\/product\/1318","targetHints":{"allow":["GET"]}}],"collection":[{"href":"https:\/\/kotlinafishing.pl\/index.php?rest_route=\/wp\/v2\/product"}],"about":[{"href":"https:\/\/kotlinafishing.pl\/index.php?rest_route=\/wp\/v2\/types\/product"}],"wp:attachment":[{"href":"https:\/\/kotlinafishing.pl\/index.php?rest_route=%2Fwp%2Fv2%2Fmedia&parent=1318"}],"wp:term":[{"taxonomy":"product_brand","embeddable":true,"href":"https:\/\/kotlinafishing.pl\/index.php?rest_route=%2Fwp%2Fv2%2Fproduct_brand&post=1318"},{"taxonomy":"product_cat","embeddable":true,"href":"https:\/\/kotlinafishing.pl\/index.php?rest_route=%2Fwp%2Fv2%2Fproduct_cat&post=1318"},{"taxonomy":"product_tag","embeddable":true,"href":"https:\/\/kotlinafishing.pl\/index.php?rest_route=%2Fwp%2Fv2%2Fproduct_tag&post=1318"}],"curies":[{"name":"wp","href":"https:\/\/api.w.org\/{rel}","templated":true}]}}