{"id":1313,"date":"2025-10-22T10:58:22","date_gmt":"2025-10-22T08:58:22","guid":{"rendered":"http:\/\/kotlinafishing.pl\/?post_type=product&#038;p=1313"},"modified":"2025-10-30T18:50:04","modified_gmt":"2025-10-30T17:50:04","slug":"haki-jaws-micro-offset-mikado-10szt","status":"publish","type":"product","link":"https:\/\/kotlinafishing.pl\/?product=haki-jaws-micro-offset-mikado-10szt","title":{"rendered":"Haki Jaws Micro Offset Mikado (10szt.)"},"content":{"rendered":"<p>Zawodnicze, bardzo ostre, spr\u0119\u017cyste i zarazem lekkie haki offsetowe z serii JAWS. Dzi\u0119ki niskiej wadze nie zaburzaj\u0105 pracy najmniejszych przyn\u0119t. Idealne do zestaw\u00f3w z czeburaszk\u0105 b\u0105d\u017a metody drop shot.<\/p>\n<p><strong>Pakowane po 10szt.<\/strong><\/p>\n","protected":false},"excerpt":{"rendered":"<p>Zawodnicze, bardzo ostre, spr\u0119\u017cyste i zarazem lekkie haki offsetowe z serii JAWS. Dzi\u0119ki niskiej wadze nie zaburzaj\u0105 pracy najmniejszych przyn\u0119t. Idealne do zestaw\u00f3w z czeburaszk\u0105 b\u0105d\u017a metody drop shot.<\/p>\n<p><strong>Pakowane po 10szt.<\/strong><\/p>\n","protected":false},"featured_media":1407,"template":"","meta":[],"product_brand":[22],"product_cat":[165,167,21],"product_tag":[],"class_list":{"0":"post-1313","1":"product","2":"type-product","3":"status-publish","4":"has-post-thumbnail","6":"product_brand-mikado","7":"product_cat-glowki-jigowe-haczyki-kotwiczki-dozbrojki","8":"product_cat-haczyki-spinningowe","9":"product_cat-spinning","11":"first","12":"instock","13":"shipping-taxable","14":"purchasable","15":"product-type-variable"},"_links":{"self":[{"href":"https:\/\/kotlinafishing.pl\/index.php?rest_route=\/wp\/v2\/product\/1313","targetHints":{"allow":["GET"]}}],"collection":[{"href":"https:\/\/kotlinafishing.pl\/index.php?rest_route=\/wp\/v2\/product"}],"about":[{"href":"https:\/\/kotlinafishing.pl\/index.php?rest_route=\/wp\/v2\/types\/product"}],"wp:featuredmedia":[{"embeddable":true,"href":"https:\/\/kotlinafishing.pl\/index.php?rest_route=\/wp\/v2\/media\/1407"}],"wp:attachment":[{"href":"https:\/\/kotlinafishing.pl\/index.php?rest_route=%2Fwp%2Fv2%2Fmedia&parent=1313"}],"wp:term":[{"taxonomy":"product_brand","embeddable":true,"href":"https:\/\/kotlinafishing.pl\/index.php?rest_route=%2Fwp%2Fv2%2Fproduct_brand&post=1313"},{"taxonomy":"product_cat","embeddable":true,"href":"https:\/\/kotlinafishing.pl\/index.php?rest_route=%2Fwp%2Fv2%2Fproduct_cat&post=1313"},{"taxonomy":"product_tag","embeddable":true,"href":"https:\/\/kotlinafishing.pl\/index.php?rest_route=%2Fwp%2Fv2%2Fproduct_tag&post=1313"}],"curies":[{"name":"wp","href":"https:\/\/api.w.org\/{rel}","templated":true}]}}