{"id":1308,"date":"2025-10-22T10:53:51","date_gmt":"2025-10-22T08:53:51","guid":{"rendered":"http:\/\/kotlinafishing.pl\/?post_type=product&#038;p=1308"},"modified":"2025-11-02T09:04:52","modified_gmt":"2025-11-02T08:04:52","slug":"haczyki-bezzadziorowe-do-zbrojenia-przynet-twardych-delphin-hard-lure-10szt","status":"publish","type":"product","link":"https:\/\/kotlinafishing.pl\/?product=haczyki-bezzadziorowe-do-zbrojenia-przynet-twardych-delphin-hard-lure-10szt","title":{"rendered":"Haczyki bezzadziorowe do zbrojenia przyn\u0119t twardych Delphin Hard Lure (10szt.)"},"content":{"rendered":"<p>Haczyki Delphin BOMB! HardLURE bezzadziorowe s\u0105 przeznaczone dla entuzjast\u00f3w spinningu ze sztucznymi przyn\u0119tami, takimi jak b\u0142ystki wachad\u0142owe, obrotowe lub ma\u0142e voblery. S\u0105 alternatyw\u0105 dla klasycznych haczyk\u00f3w treble, a tak\u017ce przyczyniaj\u0105 si\u0119 do bardziej naturalnej pracy sztucznych przyn\u0119t. Istnieje kilka rozmiar\u00f3w do wyboru.<\/p>\n<p><strong>Pakowane po 10szt.<\/strong><\/p>\n","protected":false},"excerpt":{"rendered":"<p>Haczyki Delphin BOMB! HardLURE bezzadziorowe s\u0105 przeznaczone dla entuzjast\u00f3w spinningu ze sztucznymi przyn\u0119tami, takimi jak b\u0142ystki wachad\u0142owe, obrotowe lub ma\u0142e voblery. S\u0105 alternatyw\u0105 dla klasycznych haczyk\u00f3w treble, a tak\u017ce przyczyniaj\u0105 si\u0119 do bardziej naturalnej pracy sztucznych przyn\u0119t. Istnieje kilka rozmiar\u00f3w do wyboru.<\/p>\n<p><strong>Pakowane po 10szt.<\/strong><\/p>\n","protected":false},"featured_media":1520,"template":"","meta":[],"product_brand":[97],"product_cat":[165,167,21],"product_tag":[],"class_list":{"0":"post-1308","1":"product","2":"type-product","3":"status-publish","4":"has-post-thumbnail","6":"product_brand-delphin","7":"product_cat-glowki-jigowe-haczyki-kotwiczki-dozbrojki","8":"product_cat-haczyki-spinningowe","9":"product_cat-spinning","11":"first","12":"instock","13":"shipping-taxable","14":"purchasable","15":"product-type-variable"},"_links":{"self":[{"href":"https:\/\/kotlinafishing.pl\/index.php?rest_route=\/wp\/v2\/product\/1308","targetHints":{"allow":["GET"]}}],"collection":[{"href":"https:\/\/kotlinafishing.pl\/index.php?rest_route=\/wp\/v2\/product"}],"about":[{"href":"https:\/\/kotlinafishing.pl\/index.php?rest_route=\/wp\/v2\/types\/product"}],"wp:featuredmedia":[{"embeddable":true,"href":"https:\/\/kotlinafishing.pl\/index.php?rest_route=\/wp\/v2\/media\/1520"}],"wp:attachment":[{"href":"https:\/\/kotlinafishing.pl\/index.php?rest_route=%2Fwp%2Fv2%2Fmedia&parent=1308"}],"wp:term":[{"taxonomy":"product_brand","embeddable":true,"href":"https:\/\/kotlinafishing.pl\/index.php?rest_route=%2Fwp%2Fv2%2Fproduct_brand&post=1308"},{"taxonomy":"product_cat","embeddable":true,"href":"https:\/\/kotlinafishing.pl\/index.php?rest_route=%2Fwp%2Fv2%2Fproduct_cat&post=1308"},{"taxonomy":"product_tag","embeddable":true,"href":"https:\/\/kotlinafishing.pl\/index.php?rest_route=%2Fwp%2Fv2%2Fproduct_tag&post=1308"}],"curies":[{"name":"wp","href":"https:\/\/api.w.org\/{rel}","templated":true}]}}