{"id":1301,"date":"2025-10-22T10:49:32","date_gmt":"2025-10-22T08:49:32","guid":{"rendered":"http:\/\/kotlinafishing.pl\/?post_type=product&#038;p=1301"},"modified":"2025-11-02T09:03:56","modified_gmt":"2025-11-02T08:03:56","slug":"haczyki-do-cheburashki-delphin-x-barb-mini-8szt","status":"publish","type":"product","link":"https:\/\/kotlinafishing.pl\/?product=haczyki-do-cheburashki-delphin-x-barb-mini-8szt","title":{"rendered":"Haczyki do cheburashki Delphin X-Barb Mini (8szt.)"},"content":{"rendered":"<p>Haczyk Delphin B! X-BARB MINI to seria haczyk\u00f3w Cheburashka idealnych do mniejszych przyn\u0119t. Najmniejsze mog\u0105 by\u0107 u\u017cywane do \u0142owienia ostro\u017cnych pstr\u0105g\u00f3w lub bia\u0142ej ryby, wi\u0119ksze nadaj\u0105 si\u0119 do \u0142owienia okoni, kleni lub mniejszych sandaczy. Podczas korzystania z haka i cheburashki przyn\u0119ta mo\u017ce porusza\u0107 si\u0119 swobodniej w por\u00f3wnaniu z prezentacj\u0105 jigow\u0105. Du\u017ce oczko pozwala na swobodny ruch haczyka, zapewniaj\u0105c bardziej naturaln\u0105 prezentacj\u0119. Dwa zadziory na trzonku haka utrzymuj\u0105 przyn\u0119t\u0119 w bezpiecznej pozycji. Haki s\u0105 wysokiej jako\u015bci z wyj\u0105tkowo ostrym grotem.<\/p>\n<p><strong>Pakowane po 8szt.<\/strong><\/p>\n","protected":false},"excerpt":{"rendered":"<p>Haczyk Delphin B! X-BARB MINI to seria haczyk\u00f3w Cheburashka idealnych do mniejszych przyn\u0119t. Najmniejsze mog\u0105 by\u0107 u\u017cywane do \u0142owienia ostro\u017cnych pstr\u0105g\u00f3w lub bia\u0142ej ryby, wi\u0119ksze nadaj\u0105 si\u0119 do \u0142owienia okoni, kleni lub mniejszych sandaczy.<\/p>\n<p><strong>Pakowane po 8szt.<\/strong><\/p>\n","protected":false},"featured_media":1518,"template":"","meta":[],"product_brand":[97],"product_cat":[165,167,21],"product_tag":[],"class_list":{"0":"post-1301","1":"product","2":"type-product","3":"status-publish","4":"has-post-thumbnail","6":"product_brand-delphin","7":"product_cat-glowki-jigowe-haczyki-kotwiczki-dozbrojki","8":"product_cat-haczyki-spinningowe","9":"product_cat-spinning","11":"first","12":"instock","13":"shipping-taxable","14":"purchasable","15":"product-type-variable"},"_links":{"self":[{"href":"https:\/\/kotlinafishing.pl\/index.php?rest_route=\/wp\/v2\/product\/1301","targetHints":{"allow":["GET"]}}],"collection":[{"href":"https:\/\/kotlinafishing.pl\/index.php?rest_route=\/wp\/v2\/product"}],"about":[{"href":"https:\/\/kotlinafishing.pl\/index.php?rest_route=\/wp\/v2\/types\/product"}],"wp:featuredmedia":[{"embeddable":true,"href":"https:\/\/kotlinafishing.pl\/index.php?rest_route=\/wp\/v2\/media\/1518"}],"wp:attachment":[{"href":"https:\/\/kotlinafishing.pl\/index.php?rest_route=%2Fwp%2Fv2%2Fmedia&parent=1301"}],"wp:term":[{"taxonomy":"product_brand","embeddable":true,"href":"https:\/\/kotlinafishing.pl\/index.php?rest_route=%2Fwp%2Fv2%2Fproduct_brand&post=1301"},{"taxonomy":"product_cat","embeddable":true,"href":"https:\/\/kotlinafishing.pl\/index.php?rest_route=%2Fwp%2Fv2%2Fproduct_cat&post=1301"},{"taxonomy":"product_tag","embeddable":true,"href":"https:\/\/kotlinafishing.pl\/index.php?rest_route=%2Fwp%2Fv2%2Fproduct_tag&post=1301"}],"curies":[{"name":"wp","href":"https:\/\/api.w.org\/{rel}","templated":true}]}}