{"id":1287,"date":"2025-10-22T10:34:05","date_gmt":"2025-10-22T08:34:05","guid":{"rendered":"http:\/\/kotlinafishing.pl\/?post_type=product&#038;p=1287"},"modified":"2025-10-30T18:47:08","modified_gmt":"2025-10-30T17:47:08","slug":"haki-jaws-big-offset-3szt","status":"publish","type":"product","link":"https:\/\/kotlinafishing.pl\/?product=haki-jaws-big-offset-3szt","title":{"rendered":"Haki Jaws Big Offset (3szt.)"},"content":{"rendered":"<p>Najmocniejsze i najwi\u0119ksze haki offsetowe z serii JAWS. Dedykowane do du\u017cych przyn\u0119t i walki z najwi\u0119kszymi okazami. Szeroki \u0142uk kolankowy pozwala zwi\u0119kszy\u0107 skuteczno\u015b\u0107 zaci\u0119cia i gwarantuje bezpieczny hol.<\/p>\n<p><strong>Pakowane po 3szt.<\/strong><\/p>\n","protected":false},"excerpt":{"rendered":"<p>Najmocniejsze i najwi\u0119ksze haki offsetowe z serii JAWS. Dedykowane do du\u017cych przyn\u0119t i walki z najwi\u0119kszymi okazami. Szeroki \u0142uk kolankowy pozwala zwi\u0119kszy\u0107 skuteczno\u015b\u0107 zaci\u0119cia i gwarantuje bezpieczny hol.<\/p>\n<p><strong>Pakowane po 3szt.<\/strong><\/p>\n","protected":false},"featured_media":1398,"template":"","meta":[],"product_brand":[],"product_cat":[15],"product_tag":[],"class_list":{"0":"post-1287","1":"product","2":"type-product","3":"status-publish","4":"has-post-thumbnail","6":"product_cat-bez-kategorii","8":"first","9":"instock","10":"shipping-taxable","11":"purchasable","12":"product-type-variable"},"_links":{"self":[{"href":"https:\/\/kotlinafishing.pl\/index.php?rest_route=\/wp\/v2\/product\/1287","targetHints":{"allow":["GET"]}}],"collection":[{"href":"https:\/\/kotlinafishing.pl\/index.php?rest_route=\/wp\/v2\/product"}],"about":[{"href":"https:\/\/kotlinafishing.pl\/index.php?rest_route=\/wp\/v2\/types\/product"}],"wp:featuredmedia":[{"embeddable":true,"href":"https:\/\/kotlinafishing.pl\/index.php?rest_route=\/wp\/v2\/media\/1398"}],"wp:attachment":[{"href":"https:\/\/kotlinafishing.pl\/index.php?rest_route=%2Fwp%2Fv2%2Fmedia&parent=1287"}],"wp:term":[{"taxonomy":"product_brand","embeddable":true,"href":"https:\/\/kotlinafishing.pl\/index.php?rest_route=%2Fwp%2Fv2%2Fproduct_brand&post=1287"},{"taxonomy":"product_cat","embeddable":true,"href":"https:\/\/kotlinafishing.pl\/index.php?rest_route=%2Fwp%2Fv2%2Fproduct_cat&post=1287"},{"taxonomy":"product_tag","embeddable":true,"href":"https:\/\/kotlinafishing.pl\/index.php?rest_route=%2Fwp%2Fv2%2Fproduct_tag&post=1287"}],"curies":[{"name":"wp","href":"https:\/\/api.w.org\/{rel}","templated":true}]}}