{"id":1275,"date":"2025-10-22T10:10:16","date_gmt":"2025-10-22T08:10:16","guid":{"rendered":"http:\/\/kotlinafishing.pl\/?post_type=product&#038;p=1275"},"modified":"2025-10-30T18:45:11","modified_gmt":"2025-10-30T17:45:11","slug":"haki-jaws-offset-z-wkretem-3szt","status":"publish","type":"product","link":"https:\/\/kotlinafishing.pl\/?product=haki-jaws-offset-z-wkretem-3szt","title":{"rendered":"Haki Jaws Offset z wkr\u0119tem (3szt.)"},"content":{"rendered":"<p>Wytrzyma\u0142e i ostre haki ofsetowe z wkr\u0119tem stworzone do po\u0142owu najwi\u0119kszych drapie\u017cnik\u00f3w. Moc drzemi\u0105ca w kutych hakach, pozwala wyholowa\u0107 ka\u017cd\u0105 ryb\u0119, a ich ostrzony chemicznie grot, gwarantuje pewne zaci\u0119cie w ka\u017cdej sytuacji.<\/p>\n<p><strong>Pakowane po 3szt.<\/strong><\/p>\n","protected":false},"excerpt":{"rendered":"<p>Wytrzyma\u0142e i ostre haki ofsetowe z wkr\u0119tem stworzone do po\u0142owu najwi\u0119kszych drapie\u017cnik\u00f3w. Moc drzemi\u0105ca w kutych hakach, pozwala wyholowa\u0107 ka\u017cd\u0105 ryb\u0119, a ich ostrzony chemicznie grot, gwarantuje pewne zaci\u0119cie w ka\u017cdej sytuacji.<\/p>\n<p><strong>Pakowane po 3szt.<\/strong><\/p>\n","protected":false},"featured_media":1397,"template":"","meta":[],"product_brand":[22],"product_cat":[165,167,21],"product_tag":[],"class_list":{"0":"post-1275","1":"product","2":"type-product","3":"status-publish","4":"has-post-thumbnail","6":"product_brand-mikado","7":"product_cat-glowki-jigowe-haczyki-kotwiczki-dozbrojki","8":"product_cat-haczyki-spinningowe","9":"product_cat-spinning","11":"first","12":"instock","13":"shipping-taxable","14":"purchasable","15":"product-type-variable"},"_links":{"self":[{"href":"https:\/\/kotlinafishing.pl\/index.php?rest_route=\/wp\/v2\/product\/1275","targetHints":{"allow":["GET"]}}],"collection":[{"href":"https:\/\/kotlinafishing.pl\/index.php?rest_route=\/wp\/v2\/product"}],"about":[{"href":"https:\/\/kotlinafishing.pl\/index.php?rest_route=\/wp\/v2\/types\/product"}],"wp:featuredmedia":[{"embeddable":true,"href":"https:\/\/kotlinafishing.pl\/index.php?rest_route=\/wp\/v2\/media\/1397"}],"wp:attachment":[{"href":"https:\/\/kotlinafishing.pl\/index.php?rest_route=%2Fwp%2Fv2%2Fmedia&parent=1275"}],"wp:term":[{"taxonomy":"product_brand","embeddable":true,"href":"https:\/\/kotlinafishing.pl\/index.php?rest_route=%2Fwp%2Fv2%2Fproduct_brand&post=1275"},{"taxonomy":"product_cat","embeddable":true,"href":"https:\/\/kotlinafishing.pl\/index.php?rest_route=%2Fwp%2Fv2%2Fproduct_cat&post=1275"},{"taxonomy":"product_tag","embeddable":true,"href":"https:\/\/kotlinafishing.pl\/index.php?rest_route=%2Fwp%2Fv2%2Fproduct_tag&post=1275"}],"curies":[{"name":"wp","href":"https:\/\/api.w.org\/{rel}","templated":true}]}}