{"id":1269,"date":"2025-10-22T10:02:11","date_gmt":"2025-10-22T08:02:11","guid":{"rendered":"http:\/\/kotlinafishing.pl\/?post_type=product&#038;p=1269"},"modified":"2025-10-30T18:43:48","modified_gmt":"2025-10-30T17:43:48","slug":"kretlik-rolkowy-super-strong-jaws-mikado-10szt","status":"publish","type":"product","link":"https:\/\/kotlinafishing.pl\/?product=kretlik-rolkowy-super-strong-jaws-mikado-10szt","title":{"rendered":"Kr\u0119tlik rolkowy Super Strong Jaws Mikado (10szt.)"},"content":{"rendered":"<p>Kr\u0119tlik rolkowy wykonany ze wzmocnionej stali nierdzewnej o nadzwyczajnej wytrzyma\u0142o\u015bci. Produkt przeznaczony do po\u0142owu rekordowych okaz\u00f3w, pozwala r\u00f3wnie\u017c na redukcj\u0119 rozmiaru kr\u0119tlika przy zachowaniu odpowiedniej mocy.<\/p>\n<p><strong>Pakowane po 10szt.<\/strong><\/p>\n","protected":false},"excerpt":{"rendered":"<p>Kr\u0119tlik rolkowy wykonany ze wzmocnionej stali nierdzewnej o nadzwyczajnej wytrzyma\u0142o\u015bci. Produkt przeznaczony do po\u0142owu rekordowych okaz\u00f3w, pozwala r\u00f3wnie\u017c na redukcj\u0119 rozmiaru kr\u0119tlika przy zachowaniu odpowiedniej mocy.<\/p>\n<p><strong>Pakowane po 10szt.<\/strong><\/p>\n","protected":false},"featured_media":1392,"template":"","meta":[],"product_brand":[22],"product_cat":[70,124,186,189,73,126,19,21,18],"product_tag":[],"class_list":{"0":"post-1269","1":"product","2":"type-product","3":"status-publish","4":"has-post-thumbnail","6":"product_brand-mikado","7":"product_cat-akcesoria","8":"product_cat-akcesoria-do-budowy-zestawu","9":"product_cat-akcesoria-spinningowe","10":"product_cat-kretliki-akcesoria-spinningowe","11":"product_cat-kretliki","12":"product_cat-kretliki-akcesoria-do-budowy-zestawu","13":"product_cat-grunt","14":"product_cat-spinning","15":"product_cat-splawik","17":"first","18":"instock","19":"shipping-taxable","20":"purchasable","21":"product-type-variable"},"_links":{"self":[{"href":"https:\/\/kotlinafishing.pl\/index.php?rest_route=\/wp\/v2\/product\/1269","targetHints":{"allow":["GET"]}}],"collection":[{"href":"https:\/\/kotlinafishing.pl\/index.php?rest_route=\/wp\/v2\/product"}],"about":[{"href":"https:\/\/kotlinafishing.pl\/index.php?rest_route=\/wp\/v2\/types\/product"}],"wp:featuredmedia":[{"embeddable":true,"href":"https:\/\/kotlinafishing.pl\/index.php?rest_route=\/wp\/v2\/media\/1392"}],"wp:attachment":[{"href":"https:\/\/kotlinafishing.pl\/index.php?rest_route=%2Fwp%2Fv2%2Fmedia&parent=1269"}],"wp:term":[{"taxonomy":"product_brand","embeddable":true,"href":"https:\/\/kotlinafishing.pl\/index.php?rest_route=%2Fwp%2Fv2%2Fproduct_brand&post=1269"},{"taxonomy":"product_cat","embeddable":true,"href":"https:\/\/kotlinafishing.pl\/index.php?rest_route=%2Fwp%2Fv2%2Fproduct_cat&post=1269"},{"taxonomy":"product_tag","embeddable":true,"href":"https:\/\/kotlinafishing.pl\/index.php?rest_route=%2Fwp%2Fv2%2Fproduct_tag&post=1269"}],"curies":[{"name":"wp","href":"https:\/\/api.w.org\/{rel}","templated":true}]}}