{"id":1205,"date":"2025-10-21T16:40:51","date_gmt":"2025-10-21T14:40:51","guid":{"rendered":"http:\/\/kotlinafishing.pl\/?post_type=product&#038;p=1205"},"modified":"2026-03-28T20:29:49","modified_gmt":"2026-03-28T19:29:49","slug":"szybkozlaczka-do-przyponow-sensual-mikado-5szt","status":"publish","type":"product","link":"https:\/\/kotlinafishing.pl\/?product=szybkozlaczka-do-przyponow-sensual-mikado-5szt","title":{"rendered":"Szybkoz\u0142\u0105czka do przypon\u00f3w Sensual Mikado (5szt.)"},"content":{"rendered":"<p>Szybkoz\u0142\u0105czka pozwala na szybk\u0105 wymian\u0119 przypon\u00f3w w metodzie klasycznego feedera lub w metodzie sp\u0142awikowej.<\/p>\n<p><strong>Pakowane po 5szt.<\/strong><\/p>\n","protected":false},"excerpt":{"rendered":"<p>Szybkoz\u0142\u0105czka pozwala na szybk\u0105 wymian\u0119 przypon\u00f3w w metodzie klasycznego feedera lub w metodzie sp\u0142awikowej.<\/p>\n<p><strong>Pakowane po 5szt.<\/strong><\/p>\n","protected":false},"featured_media":1234,"template":"","meta":[],"product_brand":[22],"product_cat":[70,124,129,192,19,18],"product_tag":[],"class_list":{"0":"post-1205","1":"product","2":"type-product","3":"status-publish","4":"has-post-thumbnail","6":"product_brand-mikado","7":"product_cat-akcesoria","8":"product_cat-akcesoria-do-budowy-zestawu","9":"product_cat-szybkozlaczki","10":"product_cat-szybkozlaczki-akcesoria","11":"product_cat-grunt","12":"product_cat-splawik","14":"first","15":"instock","16":"shipping-taxable","17":"purchasable","18":"product-type-variable"},"_links":{"self":[{"href":"https:\/\/kotlinafishing.pl\/index.php?rest_route=\/wp\/v2\/product\/1205","targetHints":{"allow":["GET"]}}],"collection":[{"href":"https:\/\/kotlinafishing.pl\/index.php?rest_route=\/wp\/v2\/product"}],"about":[{"href":"https:\/\/kotlinafishing.pl\/index.php?rest_route=\/wp\/v2\/types\/product"}],"wp:featuredmedia":[{"embeddable":true,"href":"https:\/\/kotlinafishing.pl\/index.php?rest_route=\/wp\/v2\/media\/1234"}],"wp:attachment":[{"href":"https:\/\/kotlinafishing.pl\/index.php?rest_route=%2Fwp%2Fv2%2Fmedia&parent=1205"}],"wp:term":[{"taxonomy":"product_brand","embeddable":true,"href":"https:\/\/kotlinafishing.pl\/index.php?rest_route=%2Fwp%2Fv2%2Fproduct_brand&post=1205"},{"taxonomy":"product_cat","embeddable":true,"href":"https:\/\/kotlinafishing.pl\/index.php?rest_route=%2Fwp%2Fv2%2Fproduct_cat&post=1205"},{"taxonomy":"product_tag","embeddable":true,"href":"https:\/\/kotlinafishing.pl\/index.php?rest_route=%2Fwp%2Fv2%2Fproduct_tag&post=1205"}],"curies":[{"name":"wp","href":"https:\/\/api.w.org\/{rel}","templated":true}]}}