{"id":1202,"date":"2025-10-21T16:36:42","date_gmt":"2025-10-21T14:36:42","guid":{"rendered":"http:\/\/kotlinafishing.pl\/?post_type=product&#038;p=1202"},"modified":"2026-03-28T20:31:49","modified_gmt":"2026-03-28T19:31:49","slug":"system-mocowania-waggler-feeder-sensual-mikado-5szt","status":"publish","type":"product","link":"https:\/\/kotlinafishing.pl\/?product=system-mocowania-waggler-feeder-sensual-mikado-5szt","title":{"rendered":"System mocowania waggler\/feeder Sensual Mikado (5szt.)"},"content":{"rendered":"<p>Wysokiej jako\u015bci system mocowania, kt\u00f3ry mo\u017ce by\u0107 stosowany zar\u00f3wno do mocowania sp\u0142awik\u00f3w przelotowych, a tak\u017ce do koszyczk\u00f3w zan\u0119towych, Kszta\u0142t koralika idealnie pasuje do stoper\u00f3w odprowadzaj\u0105cych skr\u0119tk\u0119 w metodzie klasycznego feedera.<\/p>\n<p>&nbsp;<\/p>\n<p><strong>Pakowane po 5szt.<\/strong><\/p>\n","protected":false},"excerpt":{"rendered":"<p>Wysokiej jako\u015bci system mocowania, kt\u00f3ry mo\u017ce by\u0107 stosowany zar\u00f3wno do mocowania sp\u0142awik\u00f3w przelotowych, a tak\u017ce do koszyczk\u00f3w zan\u0119towych, Kszta\u0142t koralika idealnie pasuje do stoper\u00f3w odprowadzaj\u0105cych skr\u0119tk\u0119 w metodzie klasycznego feedera.<\/p>\n<p>&nbsp;<\/p>\n<p><strong>Pakowane po 5szt.<\/strong><\/p>\n","protected":false},"featured_media":1239,"template":"","meta":[],"product_brand":[22],"product_cat":[74,127,19],"product_tag":[],"class_list":{"0":"post-1202","1":"product","2":"type-product","3":"status-publish","4":"has-post-thumbnail","6":"product_brand-mikado","7":"product_cat-laczniki-do-koszyczkow-i-splawikow","8":"product_cat-systemy-mocowania-splawikow","9":"product_cat-grunt","11":"first","12":"instock","13":"shipping-taxable","14":"purchasable","15":"product-type-variable"},"_links":{"self":[{"href":"https:\/\/kotlinafishing.pl\/index.php?rest_route=\/wp\/v2\/product\/1202","targetHints":{"allow":["GET"]}}],"collection":[{"href":"https:\/\/kotlinafishing.pl\/index.php?rest_route=\/wp\/v2\/product"}],"about":[{"href":"https:\/\/kotlinafishing.pl\/index.php?rest_route=\/wp\/v2\/types\/product"}],"wp:featuredmedia":[{"embeddable":true,"href":"https:\/\/kotlinafishing.pl\/index.php?rest_route=\/wp\/v2\/media\/1239"}],"wp:attachment":[{"href":"https:\/\/kotlinafishing.pl\/index.php?rest_route=%2Fwp%2Fv2%2Fmedia&parent=1202"}],"wp:term":[{"taxonomy":"product_brand","embeddable":true,"href":"https:\/\/kotlinafishing.pl\/index.php?rest_route=%2Fwp%2Fv2%2Fproduct_brand&post=1202"},{"taxonomy":"product_cat","embeddable":true,"href":"https:\/\/kotlinafishing.pl\/index.php?rest_route=%2Fwp%2Fv2%2Fproduct_cat&post=1202"},{"taxonomy":"product_tag","embeddable":true,"href":"https:\/\/kotlinafishing.pl\/index.php?rest_route=%2Fwp%2Fv2%2Fproduct_tag&post=1202"}],"curies":[{"name":"wp","href":"https:\/\/api.w.org\/{rel}","templated":true}]}}