{"id":1199,"date":"2025-10-21T16:21:08","date_gmt":"2025-10-21T14:21:08","guid":{"rendered":"http:\/\/kotlinafishing.pl\/?post_type=product&#038;p=1199"},"modified":"2025-11-02T10:05:02","modified_gmt":"2025-11-02T09:05:02","slug":"system-mocowania-wagglera-plastic-balance-matchpro-3szt","status":"publish","type":"product","link":"https:\/\/kotlinafishing.pl\/?product=system-mocowania-wagglera-plastic-balance-matchpro-3szt","title":{"rendered":"System mocowania wagglera Plastic Balance MatchPro (3szt.)"},"content":{"rendered":"<p>System monta\u017cu sp\u0142awika np. odleg\u0142o\u015bciowego na sta\u0142e.<\/p>\n<p><strong>Pakowane po 3szt.<\/strong><\/p>\n","protected":false},"excerpt":{"rendered":"<p>System monta\u017cu sp\u0142awika np. odleg\u0142o\u015bciowego na sta\u0142e.<\/p>\n<p><strong>Pakowane po 3szt.<\/strong><\/p>\n","protected":false},"featured_media":1532,"template":"","meta":[],"product_brand":[24],"product_cat":[124,127,18],"product_tag":[],"class_list":{"0":"post-1199","1":"product","2":"type-product","3":"status-publish","4":"has-post-thumbnail","6":"product_brand-matchpro","7":"product_cat-akcesoria-do-budowy-zestawu","8":"product_cat-systemy-mocowania-splawikow","9":"product_cat-splawik","11":"first","12":"instock","13":"shipping-taxable","14":"purchasable","15":"product-type-simple"},"_links":{"self":[{"href":"https:\/\/kotlinafishing.pl\/index.php?rest_route=\/wp\/v2\/product\/1199","targetHints":{"allow":["GET"]}}],"collection":[{"href":"https:\/\/kotlinafishing.pl\/index.php?rest_route=\/wp\/v2\/product"}],"about":[{"href":"https:\/\/kotlinafishing.pl\/index.php?rest_route=\/wp\/v2\/types\/product"}],"wp:featuredmedia":[{"embeddable":true,"href":"https:\/\/kotlinafishing.pl\/index.php?rest_route=\/wp\/v2\/media\/1532"}],"wp:attachment":[{"href":"https:\/\/kotlinafishing.pl\/index.php?rest_route=%2Fwp%2Fv2%2Fmedia&parent=1199"}],"wp:term":[{"taxonomy":"product_brand","embeddable":true,"href":"https:\/\/kotlinafishing.pl\/index.php?rest_route=%2Fwp%2Fv2%2Fproduct_brand&post=1199"},{"taxonomy":"product_cat","embeddable":true,"href":"https:\/\/kotlinafishing.pl\/index.php?rest_route=%2Fwp%2Fv2%2Fproduct_cat&post=1199"},{"taxonomy":"product_tag","embeddable":true,"href":"https:\/\/kotlinafishing.pl\/index.php?rest_route=%2Fwp%2Fv2%2Fproduct_tag&post=1199"}],"curies":[{"name":"wp","href":"https:\/\/api.w.org\/{rel}","templated":true}]}}