{"id":1197,"date":"2025-10-21T16:19:02","date_gmt":"2025-10-21T14:19:02","guid":{"rendered":"http:\/\/kotlinafishing.pl\/?post_type=product&#038;p=1197"},"modified":"2025-10-21T22:13:14","modified_gmt":"2025-10-21T20:13:14","slug":"kretlik-z-agrafka-round-snap-sensual-mikado-10szt","status":"publish","type":"product","link":"https:\/\/kotlinafishing.pl\/?product=kretlik-z-agrafka-round-snap-sensual-mikado-10szt","title":{"rendered":"Kr\u0119tlik z agrafk\u0105 Round Snap Sensual Mikado (10szt.)"},"content":{"rendered":"<p>Pe\u0142na oferta kr\u0119tlik\u00f3w, agrafek oraz system\u00f3w kr\u0119tlik \u2013 agrafka. W naszym asortymencie, ka\u017cdy znajdzie co\u015b odpowiedniego dla siebie. Szeroka gama rodzaj\u00f3w oraz rozmiar\u00f3w pozwoli na dob\u00f3r odpowiedniego produktu do wybranej metody po\u0142owu.<\/p>\n<p><strong>Pakowane po 10szt.<\/strong><\/p>\n","protected":false},"excerpt":{"rendered":"<p>Pe\u0142na oferta kr\u0119tlik\u00f3w, agrafek oraz system\u00f3w kr\u0119tlik \u2013 agrafka. W naszym asortymencie, ka\u017cdy znajdzie co\u015b odpowiedniego dla siebie. Szeroka gama rodzaj\u00f3w oraz rozmiar\u00f3w pozwoli na dob\u00f3r odpowiedniego produktu do wybranej metody po\u0142owu.<\/p>\n<p><strong>Pakowane po 10szt.<\/strong><\/p>\n","protected":false},"featured_media":1240,"template":"","meta":[],"product_brand":[22],"product_cat":[72,70,124,186,128,191,19,21,18],"product_tag":[],"class_list":{"0":"post-1197","1":"product","2":"type-product","3":"status-publish","4":"has-post-thumbnail","6":"product_brand-mikado","7":"product_cat-agrafki-z-kretlikiem","8":"product_cat-akcesoria","9":"product_cat-akcesoria-do-budowy-zestawu","10":"product_cat-akcesoria-spinningowe","11":"product_cat-kretliki-z-agrafka","12":"product_cat-kretliki-z-agrafka-akcesoria-spinningowe","13":"product_cat-grunt","14":"product_cat-spinning","15":"product_cat-splawik","17":"first","18":"instock","19":"shipping-taxable","20":"purchasable","21":"product-type-variable"},"_links":{"self":[{"href":"https:\/\/kotlinafishing.pl\/index.php?rest_route=\/wp\/v2\/product\/1197","targetHints":{"allow":["GET"]}}],"collection":[{"href":"https:\/\/kotlinafishing.pl\/index.php?rest_route=\/wp\/v2\/product"}],"about":[{"href":"https:\/\/kotlinafishing.pl\/index.php?rest_route=\/wp\/v2\/types\/product"}],"wp:featuredmedia":[{"embeddable":true,"href":"https:\/\/kotlinafishing.pl\/index.php?rest_route=\/wp\/v2\/media\/1240"}],"wp:attachment":[{"href":"https:\/\/kotlinafishing.pl\/index.php?rest_route=%2Fwp%2Fv2%2Fmedia&parent=1197"}],"wp:term":[{"taxonomy":"product_brand","embeddable":true,"href":"https:\/\/kotlinafishing.pl\/index.php?rest_route=%2Fwp%2Fv2%2Fproduct_brand&post=1197"},{"taxonomy":"product_cat","embeddable":true,"href":"https:\/\/kotlinafishing.pl\/index.php?rest_route=%2Fwp%2Fv2%2Fproduct_cat&post=1197"},{"taxonomy":"product_tag","embeddable":true,"href":"https:\/\/kotlinafishing.pl\/index.php?rest_route=%2Fwp%2Fv2%2Fproduct_tag&post=1197"}],"curies":[{"name":"wp","href":"https:\/\/api.w.org\/{rel}","templated":true}]}}