{"id":1184,"date":"2025-10-21T15:53:23","date_gmt":"2025-10-21T13:53:23","guid":{"rendered":"http:\/\/kotlinafishing.pl\/?post_type=product&#038;p=1184"},"modified":"2025-11-02T10:05:57","modified_gmt":"2025-11-02T09:05:57","slug":"kretlik-rolling-swivel-matchpro-10szt","status":"publish","type":"product","link":"https:\/\/kotlinafishing.pl\/?product=kretlik-rolling-swivel-matchpro-10szt","title":{"rendered":"Kr\u0119tlik Rolling Swivel Matchpro (10szt.)"},"content":{"rendered":"<p>Kr\u0119tlik walcowy (oczka okr\u0105g\u0142e) najwy\u017cszej jako\u015bci. Charakteryzuje go du\u017ca wytrzyma\u0142o\u015b\u0107 i p\u0142ynna praca nawet pod obci\u0105\u017ceniem.<\/p>\n<p><strong>Pakowane po 10szt.\u00a0<\/strong><\/p>\n","protected":false},"excerpt":{"rendered":"<p>Kr\u0119tlik walcowy (oczka okr\u0105g\u0142e) najwy\u017cszej jako\u015bci. Charakteryzuje go du\u017ca wytrzyma\u0142o\u015b\u0107 i p\u0142ynna praca nawet pod obci\u0105\u017ceniem.<\/p>\n<p><strong>Pakowane po 10szt.\u00a0<\/strong><\/p>\n","protected":false},"featured_media":1534,"template":"","meta":[],"product_brand":[24],"product_cat":[70,124,186,189,73,126,19,21,18],"product_tag":[],"class_list":{"0":"post-1184","1":"product","2":"type-product","3":"status-publish","4":"has-post-thumbnail","6":"product_brand-matchpro","7":"product_cat-akcesoria","8":"product_cat-akcesoria-do-budowy-zestawu","9":"product_cat-akcesoria-spinningowe","10":"product_cat-kretliki-akcesoria-spinningowe","11":"product_cat-kretliki","12":"product_cat-kretliki-akcesoria-do-budowy-zestawu","13":"product_cat-grunt","14":"product_cat-spinning","15":"product_cat-splawik","17":"first","18":"instock","19":"shipping-taxable","20":"purchasable","21":"product-type-variable"},"_links":{"self":[{"href":"https:\/\/kotlinafishing.pl\/index.php?rest_route=\/wp\/v2\/product\/1184","targetHints":{"allow":["GET"]}}],"collection":[{"href":"https:\/\/kotlinafishing.pl\/index.php?rest_route=\/wp\/v2\/product"}],"about":[{"href":"https:\/\/kotlinafishing.pl\/index.php?rest_route=\/wp\/v2\/types\/product"}],"wp:featuredmedia":[{"embeddable":true,"href":"https:\/\/kotlinafishing.pl\/index.php?rest_route=\/wp\/v2\/media\/1534"}],"wp:attachment":[{"href":"https:\/\/kotlinafishing.pl\/index.php?rest_route=%2Fwp%2Fv2%2Fmedia&parent=1184"}],"wp:term":[{"taxonomy":"product_brand","embeddable":true,"href":"https:\/\/kotlinafishing.pl\/index.php?rest_route=%2Fwp%2Fv2%2Fproduct_brand&post=1184"},{"taxonomy":"product_cat","embeddable":true,"href":"https:\/\/kotlinafishing.pl\/index.php?rest_route=%2Fwp%2Fv2%2Fproduct_cat&post=1184"},{"taxonomy":"product_tag","embeddable":true,"href":"https:\/\/kotlinafishing.pl\/index.php?rest_route=%2Fwp%2Fv2%2Fproduct_tag&post=1184"}],"curies":[{"name":"wp","href":"https:\/\/api.w.org\/{rel}","templated":true}]}}