{"id":1176,"date":"2025-10-21T15:31:21","date_gmt":"2025-10-21T13:31:21","guid":{"rendered":"http:\/\/kotlinafishing.pl\/?post_type=product&#038;p=1176"},"modified":"2025-11-02T10:06:48","modified_gmt":"2025-11-02T09:06:48","slug":"kretlik-z-agrafka-rolling-safety-matchpro-10szt","status":"publish","type":"product","link":"https:\/\/kotlinafishing.pl\/?product=kretlik-z-agrafka-rolling-safety-matchpro-10szt","title":{"rendered":"Kr\u0119tlik z agrafk\u0105 Rolling Safety MatchPro (10szt.)"},"content":{"rendered":"<p>Wysokiej jako\u015bci agrafka typu SAFETY wraz z kr\u0119tlikiem rolkowym.<\/p>\n<p><strong>Pakowane po 10szt.<\/strong><\/p>\n","protected":false},"excerpt":{"rendered":"<p>Wysokiej jako\u015bci agrafka typu SAFETY wraz z kr\u0119tlikiem rolkowym.<\/p>\n<p><strong>Pakowane po 10szt.<\/strong><\/p>\n","protected":false},"featured_media":1535,"template":"","meta":[],"product_brand":[24],"product_cat":[72,70,124,186,128,191,19,21,18],"product_tag":[],"class_list":{"0":"post-1176","1":"product","2":"type-product","3":"status-publish","4":"has-post-thumbnail","6":"product_brand-matchpro","7":"product_cat-agrafki-z-kretlikiem","8":"product_cat-akcesoria","9":"product_cat-akcesoria-do-budowy-zestawu","10":"product_cat-akcesoria-spinningowe","11":"product_cat-kretliki-z-agrafka","12":"product_cat-kretliki-z-agrafka-akcesoria-spinningowe","13":"product_cat-grunt","14":"product_cat-spinning","15":"product_cat-splawik","17":"first","18":"instock","19":"shipping-taxable","20":"purchasable","21":"product-type-variable"},"_links":{"self":[{"href":"https:\/\/kotlinafishing.pl\/index.php?rest_route=\/wp\/v2\/product\/1176","targetHints":{"allow":["GET"]}}],"collection":[{"href":"https:\/\/kotlinafishing.pl\/index.php?rest_route=\/wp\/v2\/product"}],"about":[{"href":"https:\/\/kotlinafishing.pl\/index.php?rest_route=\/wp\/v2\/types\/product"}],"wp:featuredmedia":[{"embeddable":true,"href":"https:\/\/kotlinafishing.pl\/index.php?rest_route=\/wp\/v2\/media\/1535"}],"wp:attachment":[{"href":"https:\/\/kotlinafishing.pl\/index.php?rest_route=%2Fwp%2Fv2%2Fmedia&parent=1176"}],"wp:term":[{"taxonomy":"product_brand","embeddable":true,"href":"https:\/\/kotlinafishing.pl\/index.php?rest_route=%2Fwp%2Fv2%2Fproduct_brand&post=1176"},{"taxonomy":"product_cat","embeddable":true,"href":"https:\/\/kotlinafishing.pl\/index.php?rest_route=%2Fwp%2Fv2%2Fproduct_cat&post=1176"},{"taxonomy":"product_tag","embeddable":true,"href":"https:\/\/kotlinafishing.pl\/index.php?rest_route=%2Fwp%2Fv2%2Fproduct_tag&post=1176"}],"curies":[{"name":"wp","href":"https:\/\/api.w.org\/{rel}","templated":true}]}}