{"id":1119,"date":"2025-10-21T15:15:46","date_gmt":"2025-10-21T13:15:46","guid":{"rendered":"http:\/\/kotlinafishing.pl\/?post_type=product&#038;p=1119"},"modified":"2026-02-23T10:57:03","modified_gmt":"2026-02-23T09:57:03","slug":"glowki-jigowe-mikado-sensual-ng","status":"publish","type":"product","link":"https:\/\/kotlinafishing.pl\/?product=glowki-jigowe-mikado-sensual-ng","title":{"rendered":"G\u0142\u00f3wki Jigowe Mikado Sensual NG"},"content":{"rendered":"<p>Znakomite g\u0142\u00f3wki jigowe z mocnymi haki w kolorze czarnym o okr\u0105g\u0142ym \u0142uku kolankowym, zapewniaj\u0105cym bezpieczny hol okazowych drapie\u017cnik\u00f3w. Wyposa\u017cone w haczyk ze stali nierdzewnej, kt\u00f3ry doskonale trzyma przyn\u0119t\u0119, jednocze\u015bnie nie niszcz\u0105c jej przy monta\u017cu.<\/p>\n<p><strong>Pakowane po 3szt.<\/strong><\/p>\n","protected":false},"excerpt":{"rendered":"<p>Znakomite g\u0142\u00f3wki jigowe z mocnymi haki w kolorze czarnym o okr\u0105g\u0142ym \u0142uku kolankowym, zapewniaj\u0105cym bezpieczny hol okazowych drapie\u017cnik\u00f3w. Wyposa\u017cone w haczyk ze stali nierdzewnej, kt\u00f3ry doskonale trzyma przyn\u0119t\u0119, jednocze\u015bnie nie niszcz\u0105c jej przy monta\u017cu.<\/p>\n<p><strong>Pakowane po 3szt.<\/strong><\/p>\n","protected":false},"featured_media":1253,"template":"","meta":[],"product_brand":[22],"product_cat":[166,165,21],"product_tag":[],"class_list":{"0":"post-1119","1":"product","2":"type-product","3":"status-publish","4":"has-post-thumbnail","6":"product_brand-mikado","7":"product_cat-glowki-jigowe","8":"product_cat-glowki-jigowe-haczyki-kotwiczki-dozbrojki","9":"product_cat-spinning","10":"pa_marka-mikado","12":"first","13":"instock","14":"shipping-taxable","15":"purchasable","16":"product-type-variable"},"_links":{"self":[{"href":"https:\/\/kotlinafishing.pl\/index.php?rest_route=\/wp\/v2\/product\/1119","targetHints":{"allow":["GET"]}}],"collection":[{"href":"https:\/\/kotlinafishing.pl\/index.php?rest_route=\/wp\/v2\/product"}],"about":[{"href":"https:\/\/kotlinafishing.pl\/index.php?rest_route=\/wp\/v2\/types\/product"}],"wp:featuredmedia":[{"embeddable":true,"href":"https:\/\/kotlinafishing.pl\/index.php?rest_route=\/wp\/v2\/media\/1253"}],"wp:attachment":[{"href":"https:\/\/kotlinafishing.pl\/index.php?rest_route=%2Fwp%2Fv2%2Fmedia&parent=1119"}],"wp:term":[{"taxonomy":"product_brand","embeddable":true,"href":"https:\/\/kotlinafishing.pl\/index.php?rest_route=%2Fwp%2Fv2%2Fproduct_brand&post=1119"},{"taxonomy":"product_cat","embeddable":true,"href":"https:\/\/kotlinafishing.pl\/index.php?rest_route=%2Fwp%2Fv2%2Fproduct_cat&post=1119"},{"taxonomy":"product_tag","embeddable":true,"href":"https:\/\/kotlinafishing.pl\/index.php?rest_route=%2Fwp%2Fv2%2Fproduct_tag&post=1119"}],"curies":[{"name":"wp","href":"https:\/\/api.w.org\/{rel}","templated":true}]}}