{"id":1099,"date":"2025-10-17T16:02:47","date_gmt":"2025-10-17T14:02:47","guid":{"rendered":"http:\/\/kotlinafishing.pl\/?post_type=product&#038;p=1099"},"modified":"2025-11-02T09:02:36","modified_gmt":"2025-11-02T08:02:36","slug":"plecionka-delphin-boxer-250m-zielona","status":"publish","type":"product","link":"https:\/\/kotlinafishing.pl\/?product=plecionka-delphin-boxer-250m-zielona","title":{"rendered":"Plecionka Delphin Boxer 250m (zielona)"},"content":{"rendered":"<p>Mocna plecionka na suma, kt\u00f3ra jest dost\u0119pna w cenie monofilamentu!<br \/>\n<strong>Delphin Boxer<\/strong> silna przew\u00f3d z pow\u0142ok\u0105 odporn\u0105 na \u015bcieranie, przeznaczone do po\u0142owu ryb najci\u0119\u017csze. Do produkcji zastosowano mikrow\u0142\u00f3kna PE o wysokiej g\u0119sto\u015bci splotu, kt\u00f3re reprezentuj\u0105 do 3 razy wy\u017csz\u0105 rzeczywist\u0105 wytrzyma\u0142o\u015b\u0107 ni\u017c monofilament o tej samej \u015brednicy. Ze wzgl\u0119du na por\u00f3wnywaln\u0105 cen\u0119 z monofilamentem, <strong>Delphin BOXER<\/strong> jest zdecydowanie doskona\u0142ym wyborem.<\/p>\n","protected":false},"excerpt":{"rendered":"<p>Mocna plecionka na suma, kt\u00f3ra jest dost\u0119pna w cenie monofilamentu!<br \/>\n<strong>Delphin Boxer<\/strong> silna przew\u00f3d z pow\u0142ok\u0105 odporn\u0105 na \u015bcieranie, przeznaczone do po\u0142owu ryb najci\u0119\u017csze. Do produkcji zastosowano mikrow\u0142\u00f3kna PE o wysokiej g\u0119sto\u015bci splotu, kt\u00f3re reprezentuj\u0105 do 3 razy wy\u017csz\u0105 rzeczywist\u0105 wytrzyma\u0142o\u015b\u0107 ni\u017c monofilament o tej samej \u015brednicy. Ze wzgl\u0119du na por\u00f3wnywaln\u0105 cen\u0119 z monofilamentem, <strong>Delphin BOXER<\/strong> jest zdecydowanie doskona\u0142ym wyborem.<\/p>\n","protected":false},"featured_media":1515,"template":"","meta":[],"product_brand":[97],"product_cat":[171,172,170],"product_tag":[],"class_list":{"0":"post-1099","1":"product","2":"type-product","3":"status-publish","4":"has-post-thumbnail","6":"product_brand-delphin","7":"product_cat-plecionki-sumowe","8":"product_cat-plecionki-sumowe-plecionki-sumowe","9":"product_cat-wedkarstwo-sumowe","11":"first","12":"instock","13":"shipping-taxable","14":"purchasable","15":"product-type-variable"},"_links":{"self":[{"href":"https:\/\/kotlinafishing.pl\/index.php?rest_route=\/wp\/v2\/product\/1099","targetHints":{"allow":["GET"]}}],"collection":[{"href":"https:\/\/kotlinafishing.pl\/index.php?rest_route=\/wp\/v2\/product"}],"about":[{"href":"https:\/\/kotlinafishing.pl\/index.php?rest_route=\/wp\/v2\/types\/product"}],"wp:featuredmedia":[{"embeddable":true,"href":"https:\/\/kotlinafishing.pl\/index.php?rest_route=\/wp\/v2\/media\/1515"}],"wp:attachment":[{"href":"https:\/\/kotlinafishing.pl\/index.php?rest_route=%2Fwp%2Fv2%2Fmedia&parent=1099"}],"wp:term":[{"taxonomy":"product_brand","embeddable":true,"href":"https:\/\/kotlinafishing.pl\/index.php?rest_route=%2Fwp%2Fv2%2Fproduct_brand&post=1099"},{"taxonomy":"product_cat","embeddable":true,"href":"https:\/\/kotlinafishing.pl\/index.php?rest_route=%2Fwp%2Fv2%2Fproduct_cat&post=1099"},{"taxonomy":"product_tag","embeddable":true,"href":"https:\/\/kotlinafishing.pl\/index.php?rest_route=%2Fwp%2Fv2%2Fproduct_tag&post=1099"}],"curies":[{"name":"wp","href":"https:\/\/api.w.org\/{rel}","templated":true}]}}