{"id":1094,"date":"2025-10-17T09:01:29","date_gmt":"2025-10-17T07:01:29","guid":{"rendered":"http:\/\/kotlinafishing.pl\/?post_type=product&#038;p=1094"},"modified":"2026-03-28T08:15:33","modified_gmt":"2026-03-28T07:15:33","slug":"fluorocarbon-delphin-flr-carbon","status":"publish","type":"product","link":"https:\/\/kotlinafishing.pl\/?product=fluorocarbon-delphin-flr-carbon","title":{"rendered":"Fluorocarbon Delphin FLR Carbon"},"content":{"rendered":"<p>Kupuj\u0105c produkty marki Delphin otrzymujesz 100% \u017cy\u0142ki fluorokarbonowej najwy\u017cszej jako\u015bci. W przeciwie\u0144stwie do standardowych fluorokarbon\u00f3w, Delphin <strong>FLRCARBON<\/strong> ma wi\u0119ksz\u0105 elastyczno\u015b\u0107 i znacznie ni\u017csz\u0105 pami\u0119\u0107. Efektem jest wy\u017csza wytrzyma\u0142o\u015b\u0107 w w\u0119\u017ale. Delphin <strong>FLRCARBON<\/strong> to specjalna \u017cy\u0142ka, maj\u0105ca podobny wsp\u00f3\u0142czynnik za\u0142amania \u015bwiat\u0142a do wody, dzi\u0119ki czemu w wodzie jest praktycznie niewidoczna. Jej g\u0119sto\u015b\u0107 jest prawie 80% wy\u017csza ni\u017c g\u0119sto\u015b\u0107 wody i 60% wy\u017csza ni\u017c w przypadku standardowej \u017cy\u0142ki nylonowej. Z tego powodu Delphin FLUOROCARBON jest wyj\u0105tkowo szybk\u0105 \u017cy\u0142k\u0105 ton\u0105c\u0105 i dlatego jest idealnym wyborem do produkcji szybko ton\u0105cego zestawu ko\u0144cowego do po\u0142owu ryb w krystalicznie czystej wodzie.<\/p>\n","protected":false},"excerpt":{"rendered":"<p>Kupuj\u0105c produkty marki Delphin otrzymujesz 100% \u017cy\u0142ki fluorokarbonowej najwy\u017cszej jako\u015bci. W przeciwie\u0144stwie do standardowych fluorokarbon\u00f3w, Delphin <strong>FLRCARBON<\/strong> ma wi\u0119ksz\u0105 elastyczno\u015b\u0107 i znacznie ni\u017csz\u0105 pami\u0119\u0107. Efektem jest wy\u017csza wytrzyma\u0142o\u015b\u0107 w w\u0119\u017ale.<\/p>\n","protected":false},"featured_media":1514,"template":"","meta":[],"product_brand":[97],"product_cat":[185,65,19,60,174],"product_tag":[],"class_list":{"0":"post-1094","1":"product","2":"type-product","3":"status-publish","4":"has-post-thumbnail","6":"product_brand-delphin","7":"product_cat-fluorocarbon-zylki-plecionki-fluorocarbon","8":"product_cat-fluorocarbon","9":"product_cat-grunt","10":"product_cat-zylki-plecionki","11":"product_cat-zylki-plecionki-fluorocarbon","13":"first","14":"instock","15":"shipping-taxable","16":"purchasable","17":"product-type-variable"},"_links":{"self":[{"href":"https:\/\/kotlinafishing.pl\/index.php?rest_route=\/wp\/v2\/product\/1094","targetHints":{"allow":["GET"]}}],"collection":[{"href":"https:\/\/kotlinafishing.pl\/index.php?rest_route=\/wp\/v2\/product"}],"about":[{"href":"https:\/\/kotlinafishing.pl\/index.php?rest_route=\/wp\/v2\/types\/product"}],"wp:featuredmedia":[{"embeddable":true,"href":"https:\/\/kotlinafishing.pl\/index.php?rest_route=\/wp\/v2\/media\/1514"}],"wp:attachment":[{"href":"https:\/\/kotlinafishing.pl\/index.php?rest_route=%2Fwp%2Fv2%2Fmedia&parent=1094"}],"wp:term":[{"taxonomy":"product_brand","embeddable":true,"href":"https:\/\/kotlinafishing.pl\/index.php?rest_route=%2Fwp%2Fv2%2Fproduct_brand&post=1094"},{"taxonomy":"product_cat","embeddable":true,"href":"https:\/\/kotlinafishing.pl\/index.php?rest_route=%2Fwp%2Fv2%2Fproduct_cat&post=1094"},{"taxonomy":"product_tag","embeddable":true,"href":"https:\/\/kotlinafishing.pl\/index.php?rest_route=%2Fwp%2Fv2%2Fproduct_tag&post=1094"}],"curies":[{"name":"wp","href":"https:\/\/api.w.org\/{rel}","templated":true}]}}