{"id":1090,"date":"2025-10-17T08:26:51","date_gmt":"2025-10-17T06:26:51","guid":{"rendered":"http:\/\/kotlinafishing.pl\/?post_type=product&#038;p=1090"},"modified":"2025-11-02T09:20:51","modified_gmt":"2025-11-02T08:20:51","slug":"zylka-matchpro-team-spinning-strong-150m-zielona","status":"publish","type":"product","link":"https:\/\/kotlinafishing.pl\/?product=zylka-matchpro-team-spinning-strong-150m-zielona","title":{"rendered":"\u017by\u0142ka MatchPro Team Spinning Strong 150m (zielona)"},"content":{"rendered":"<p>\u017by\u0142ka najnowszej generacji dedykowana do metody spinningowej. Polecana do \u015bredniego i ci\u0119\u017ckiego spinningu jeziorowego i rzecznego (szczupaki, sandacze i bolenie). <strong>Team Spinning Strong<\/strong> powstaje z najlepszych japo\u0144skich polimer\u00f3w oraz posiada w\u0142a\u015bciwo\u015bci znakomitej \u017cy\u0142ki spinningowej: bardzo mocna na w\u0119\u017ale, \u015brednio mi\u0119kka, ma\u0142o rozci\u0105gliwa odporna na UV i uszkodzenia. Specjalna wzmacniana konstrukcja tworzy t\u0105 \u017cy\u0142k\u0119 idealna na trudne warunki (du\u017ce i mocne ryby, zaczepy, ro\u015blinno\u015b\u0107 podwodna, kamienie). Odpowiednia mi\u0119kko\u015b\u0107 pozwala na dalekie rzuty oraz wspania\u0142\u0105 prezentacje przyn\u0119ty pod woda. Niska rozci\u0105gliwo\u015b\u0107 \u017cy\u0142ki \u2013 idealnie przenosi ka\u017cde nawet najdelikatniejsze branie na w\u0119dzisko co jest szczeg\u00f3lnie wa\u017cne przy po\u0142owach sandaczy ! Zastosowano polimery niezwykle oporne na promieniowanie UV, dzi\u0119ki temu \u017cy\u0142ka nie traci swoich w\u0142a\u015bciwo\u015bci. \u017by\u0142ka <strong>TEAM SPINNING STRONG<\/strong> przesz\u0142a bardzo wymagaj\u0105ce testy na wielu \u0142owiskach w Polsce i Szwecji.<\/p>\n","protected":false},"excerpt":{"rendered":"<p>\u017by\u0142ka najnowszej generacji dedykowana do metody spinningowej. Polecana do \u015bredniego i ci\u0119\u017ckiego spinningu jeziorowego i rzecznego (szczupaki, sandacze i bolenie).<\/p>\n","protected":false},"featured_media":1531,"template":"","meta":[],"product_brand":[24],"product_cat":[21,184,174],"product_tag":[],"class_list":{"0":"post-1090","1":"product","2":"type-product","3":"status-publish","4":"has-post-thumbnail","6":"product_brand-matchpro","7":"product_cat-spinning","8":"product_cat-zylki-spinningowe","9":"product_cat-zylki-plecionki-fluorocarbon","11":"first","12":"instock","13":"shipping-taxable","14":"purchasable","15":"product-type-variable"},"_links":{"self":[{"href":"https:\/\/kotlinafishing.pl\/index.php?rest_route=\/wp\/v2\/product\/1090","targetHints":{"allow":["GET"]}}],"collection":[{"href":"https:\/\/kotlinafishing.pl\/index.php?rest_route=\/wp\/v2\/product"}],"about":[{"href":"https:\/\/kotlinafishing.pl\/index.php?rest_route=\/wp\/v2\/types\/product"}],"wp:featuredmedia":[{"embeddable":true,"href":"https:\/\/kotlinafishing.pl\/index.php?rest_route=\/wp\/v2\/media\/1531"}],"wp:attachment":[{"href":"https:\/\/kotlinafishing.pl\/index.php?rest_route=%2Fwp%2Fv2%2Fmedia&parent=1090"}],"wp:term":[{"taxonomy":"product_brand","embeddable":true,"href":"https:\/\/kotlinafishing.pl\/index.php?rest_route=%2Fwp%2Fv2%2Fproduct_brand&post=1090"},{"taxonomy":"product_cat","embeddable":true,"href":"https:\/\/kotlinafishing.pl\/index.php?rest_route=%2Fwp%2Fv2%2Fproduct_cat&post=1090"},{"taxonomy":"product_tag","embeddable":true,"href":"https:\/\/kotlinafishing.pl\/index.php?rest_route=%2Fwp%2Fv2%2Fproduct_tag&post=1090"}],"curies":[{"name":"wp","href":"https:\/\/api.w.org\/{rel}","templated":true}]}}