{"id":1087,"date":"2025-10-17T08:23:37","date_gmt":"2025-10-17T06:23:37","guid":{"rendered":"http:\/\/kotlinafishing.pl\/?post_type=product&#038;p=1087"},"modified":"2025-11-02T09:20:29","modified_gmt":"2025-11-02T08:20:29","slug":"zylka-matchpro-team-spinning-light-przezroczysta-150m","status":"publish","type":"product","link":"https:\/\/kotlinafishing.pl\/?product=zylka-matchpro-team-spinning-light-przezroczysta-150m","title":{"rendered":"\u017by\u0142ka MatchPro Team Spinning Light (przezroczysta) 150m"},"content":{"rendered":"<p>\u017by\u0142ka najnowszej generacji dedykowana do metody spinningowej. Polecana do lekkiego spinningu jeziorowego i rzecznego &#8211; (okonie, jazie, klenie). <strong>Team Spinning Light<\/strong> powstaje z najlepszych japo\u0144skich polimer\u00f3w oraz posiada w\u0142a\u015bciwo\u015bci znakomitej \u017cy\u0142ki spinningowej: nie widoczna w czystej wodzie, mi\u0119kka, ma\u0142o rozci\u0105gliwa odporna na UV i uszkodzenia. Niewidoczno\u015b\u0107 \u017cy\u0142ki w wodzie bardzo pomaga w \u0142owieniu pi\u0119knych i ostro\u017cnych okoni oraz jazi i kleni. Odpowiednia mi\u0119kko\u015b\u0107 pozwala na dalekie rzuty oraz wspania\u0142\u0105 prezentacje przyn\u0119ty pod woda. Niska rozci\u0105gliwo\u015b\u0107 \u017cy\u0142ki \u2013 idealnie przenosi ka\u017cde nawet najdelikatniejsze branie na w\u0119dzisko. Zastosowano polimery niezwykle oporne na uszkodzenia mechaniczne (zaczepy) oraz promieniowanie UV. \u017by\u0142ka <strong>TEAM SPINNING LIGHT<\/strong> przesz\u0142a bardzo wymagaj\u0105ce testy na wielu \u0142owiskach w Polsce i Szwecji.<\/p>\n","protected":false},"excerpt":{"rendered":"<p>\u017by\u0142ka najnowszej generacji dedykowana do metody spinningowej. Polecana do lekkiego spinningu jeziorowego i rzecznego &#8211; (okonie, jazie, klenie).<\/p>\n","protected":false},"featured_media":1530,"template":"","meta":[],"product_brand":[24],"product_cat":[21,184,174],"product_tag":[],"class_list":{"0":"post-1087","1":"product","2":"type-product","3":"status-publish","4":"has-post-thumbnail","6":"product_brand-matchpro","7":"product_cat-spinning","8":"product_cat-zylki-spinningowe","9":"product_cat-zylki-plecionki-fluorocarbon","11":"first","12":"instock","13":"shipping-taxable","14":"purchasable","15":"product-type-variable"},"_links":{"self":[{"href":"https:\/\/kotlinafishing.pl\/index.php?rest_route=\/wp\/v2\/product\/1087","targetHints":{"allow":["GET"]}}],"collection":[{"href":"https:\/\/kotlinafishing.pl\/index.php?rest_route=\/wp\/v2\/product"}],"about":[{"href":"https:\/\/kotlinafishing.pl\/index.php?rest_route=\/wp\/v2\/types\/product"}],"wp:featuredmedia":[{"embeddable":true,"href":"https:\/\/kotlinafishing.pl\/index.php?rest_route=\/wp\/v2\/media\/1530"}],"wp:attachment":[{"href":"https:\/\/kotlinafishing.pl\/index.php?rest_route=%2Fwp%2Fv2%2Fmedia&parent=1087"}],"wp:term":[{"taxonomy":"product_brand","embeddable":true,"href":"https:\/\/kotlinafishing.pl\/index.php?rest_route=%2Fwp%2Fv2%2Fproduct_brand&post=1087"},{"taxonomy":"product_cat","embeddable":true,"href":"https:\/\/kotlinafishing.pl\/index.php?rest_route=%2Fwp%2Fv2%2Fproduct_cat&post=1087"},{"taxonomy":"product_tag","embeddable":true,"href":"https:\/\/kotlinafishing.pl\/index.php?rest_route=%2Fwp%2Fv2%2Fproduct_tag&post=1087"}],"curies":[{"name":"wp","href":"https:\/\/api.w.org\/{rel}","templated":true}]}}