{"id":1080,"date":"2025-10-17T08:17:59","date_gmt":"2025-10-17T06:17:59","guid":{"rendered":"http:\/\/kotlinafishing.pl\/?post_type=product&#038;p=1080"},"modified":"2025-11-02T16:53:34","modified_gmt":"2025-11-02T15:53:34","slug":"zylka-trabucco-xps-match-pro-100m-przezroczysta","status":"publish","type":"product","link":"https:\/\/kotlinafishing.pl\/?product=zylka-trabucco-xps-match-pro-100m-przezroczysta","title":{"rendered":"\u017by\u0142ka Trabucco XPS Match Pro 100m (przezroczysta)"},"content":{"rendered":"<p><b>Trabucco T-Force Match-Pro<\/b> to specjalistyczna \u017cy\u0142ka stworzona <b>g\u0142\u00f3wnie do metod sp\u0142awikowych i budowania wyczynowych zestaw\u00f3w<\/b>.<\/p>\n<ul>\n<li><b>Dedykowana wyczynowi:<\/b> Idealna jako \u017cy\u0142ka g\u0142\u00f3wna do <b>bata i tyczki.<\/b><\/li>\n<li><b>Super Strong:<\/b> Du\u017ca wytrzyma\u0142o\u015b\u0107 i si\u0142a na w\u0119z\u0142ach przy ma\u0142ej \u015brednicy.<\/li>\n<li><b>Zero Pami\u0119ci:<\/b> Mi\u0119kka i g\u0142adka \u2013 nie skr\u0119ca si\u0119, co jest kluczowe w precyzyjnym \u0142owieniu.<\/li>\n<li><b>Ceramic Powered:<\/b> Pow\u0142oka ceramiczna chroni przed \u015bcieraniem i pozwala bezpiecznie przesuwa\u0107 obci\u0105\u017cenie.<\/li>\n<li><b>Niewidoczna:<\/b> Krystalicznie przezroczysty kolor minimalizuje jej widoczno\u015b\u0107 w wodzie.<\/li>\n<\/ul>\n<p><b>D\u0142ugo\u015b\u0107:<\/b> 100 metr\u00f3w. Niezawodny wyb\u00f3r dla ka\u017cdego sp\u0142awikowca!<\/p>\n","protected":false},"excerpt":{"rendered":"<p><b>Trabucco T-Force Match-Pro<\/b> to specjalistyczna \u017cy\u0142ka stworzona <b>g\u0142\u00f3wnie do metod sp\u0142awikowych i budowania wyczynowych zestaw\u00f3w<\/b>.<\/p>\n","protected":false},"featured_media":1619,"template":"","meta":[],"product_brand":[27],"product_cat":[18,180],"product_tag":[],"class_list":{"0":"post-1080","1":"product","2":"type-product","3":"status-publish","4":"has-post-thumbnail","6":"product_brand-trabucco","7":"product_cat-splawik","8":"product_cat-zylki-splawik","10":"first","11":"instock","12":"shipping-taxable","13":"purchasable","14":"product-type-variable"},"_links":{"self":[{"href":"https:\/\/kotlinafishing.pl\/index.php?rest_route=\/wp\/v2\/product\/1080","targetHints":{"allow":["GET"]}}],"collection":[{"href":"https:\/\/kotlinafishing.pl\/index.php?rest_route=\/wp\/v2\/product"}],"about":[{"href":"https:\/\/kotlinafishing.pl\/index.php?rest_route=\/wp\/v2\/types\/product"}],"wp:featuredmedia":[{"embeddable":true,"href":"https:\/\/kotlinafishing.pl\/index.php?rest_route=\/wp\/v2\/media\/1619"}],"wp:attachment":[{"href":"https:\/\/kotlinafishing.pl\/index.php?rest_route=%2Fwp%2Fv2%2Fmedia&parent=1080"}],"wp:term":[{"taxonomy":"product_brand","embeddable":true,"href":"https:\/\/kotlinafishing.pl\/index.php?rest_route=%2Fwp%2Fv2%2Fproduct_brand&post=1080"},{"taxonomy":"product_cat","embeddable":true,"href":"https:\/\/kotlinafishing.pl\/index.php?rest_route=%2Fwp%2Fv2%2Fproduct_cat&post=1080"},{"taxonomy":"product_tag","embeddable":true,"href":"https:\/\/kotlinafishing.pl\/index.php?rest_route=%2Fwp%2Fv2%2Fproduct_tag&post=1080"}],"curies":[{"name":"wp","href":"https:\/\/api.w.org\/{rel}","templated":true}]}}