{"id":1070,"date":"2025-10-15T11:02:07","date_gmt":"2025-10-15T09:02:07","guid":{"rendered":"http:\/\/kotlinafishing.pl\/?post_type=product&#038;p=1070"},"modified":"2026-03-28T08:54:27","modified_gmt":"2026-03-28T07:54:27","slug":"zylka-przyponowa-matchpro-power-soft-30m-przezroczysty","status":"publish","type":"product","link":"https:\/\/kotlinafishing.pl\/?product=zylka-przyponowa-matchpro-power-soft-30m-przezroczysty","title":{"rendered":"\u017by\u0142ka przyponowa MatchPro Power Soft 30m (przezroczysty)"},"content":{"rendered":"<p>Znakomita \u017cy\u0142ka przyponowa polecana do ka\u017cdej metody. Charakteryzuje si\u0119 bardzo du\u017c\u0105 moc\u0105 na w\u0119z\u0142ach, mi\u0119kko\u015bci\u0105 oraz niewidzialno\u015bci\u0105 w wodzie. Podwy\u017cszon\u0105 ochrona na promienie UV gwarantuje d\u0142ug\u0105 \u017cywotno\u015b\u0107 \u017cy\u0142ki.<\/p>\n","protected":false},"excerpt":{"rendered":"<p>Znakomita \u017cy\u0142ka przyponowa polecana do ka\u017cdej metody. Charakteryzuje si\u0119 bardzo du\u017c\u0105 moc\u0105 na w\u0119z\u0142ach, mi\u0119kko\u015bci\u0105 oraz niewidzialno\u015bci\u0105 w wodzie. Podwy\u017cszon\u0105 ochrona na promienie UV gwarantuje d\u0142ug\u0105 \u017cywotno\u015b\u0107 \u017cy\u0142ki.<\/p>\n","protected":false},"featured_media":1529,"template":"","meta":[],"product_brand":[24],"product_cat":[19,18,180,62,183,60],"product_tag":[],"class_list":{"0":"post-1070","1":"product","2":"type-product","3":"status-publish","4":"has-post-thumbnail","6":"product_brand-matchpro","7":"product_cat-grunt","8":"product_cat-splawik","9":"product_cat-zylki-splawik","10":"product_cat-zylki-przyponowe","11":"product_cat-zylki-przyponowe-zylki-splawik","12":"product_cat-zylki-plecionki","14":"first","15":"instock","16":"shipping-taxable","17":"purchasable","18":"product-type-variable"},"_links":{"self":[{"href":"https:\/\/kotlinafishing.pl\/index.php?rest_route=\/wp\/v2\/product\/1070","targetHints":{"allow":["GET"]}}],"collection":[{"href":"https:\/\/kotlinafishing.pl\/index.php?rest_route=\/wp\/v2\/product"}],"about":[{"href":"https:\/\/kotlinafishing.pl\/index.php?rest_route=\/wp\/v2\/types\/product"}],"wp:featuredmedia":[{"embeddable":true,"href":"https:\/\/kotlinafishing.pl\/index.php?rest_route=\/wp\/v2\/media\/1529"}],"wp:attachment":[{"href":"https:\/\/kotlinafishing.pl\/index.php?rest_route=%2Fwp%2Fv2%2Fmedia&parent=1070"}],"wp:term":[{"taxonomy":"product_brand","embeddable":true,"href":"https:\/\/kotlinafishing.pl\/index.php?rest_route=%2Fwp%2Fv2%2Fproduct_brand&post=1070"},{"taxonomy":"product_cat","embeddable":true,"href":"https:\/\/kotlinafishing.pl\/index.php?rest_route=%2Fwp%2Fv2%2Fproduct_cat&post=1070"},{"taxonomy":"product_tag","embeddable":true,"href":"https:\/\/kotlinafishing.pl\/index.php?rest_route=%2Fwp%2Fv2%2Fproduct_tag&post=1070"}],"curies":[{"name":"wp","href":"https:\/\/api.w.org\/{rel}","templated":true}]}}