{"id":1062,"date":"2025-10-15T10:42:28","date_gmt":"2025-10-15T08:42:28","guid":{"rendered":"http:\/\/kotlinafishing.pl\/?post_type=product&#038;p=1062"},"modified":"2026-01-29T15:18:53","modified_gmt":"2026-01-29T14:18:53","slug":"zylka-przyponowa-mikado-dreamline-classic-30m-przezroczysta","status":"publish","type":"product","link":"https:\/\/kotlinafishing.pl\/?product=zylka-przyponowa-mikado-dreamline-classic-30m-przezroczysta","title":{"rendered":"\u017by\u0142ka przyponowa Mikado DreamLine Classic 30m (przezroczysta)"},"content":{"rendered":"<p><strong>Dream Line Classic<\/strong> to przezroczysta \u017cy\u0142ka klasy premium uniwersalnego zastosowania. Jej g\u0142\u00f3wne atuty to du\u017ca wytrzyma\u0142o\u015b\u0107, brak pami\u0119ci, odporno\u015b\u0107 na przetarcia. Dzi\u0119ki tym cechom z powodzeniem sprosta wymogom, jakie stawia nowoczesne w\u0119dkarstwo.<\/p>\n","protected":false},"excerpt":{"rendered":"<p>Dream Line Classic to przezroczysta \u017cy\u0142ka klasy premium uniwersalnego zastosowania. Jej g\u0142\u00f3wne atuty to du\u017ca wytrzyma\u0142o\u015b\u0107, brak pami\u0119ci, odporno\u015b\u0107 na przetarcia. Dzi\u0119ki tym cechom z powodzeniem sprosta wymogom, jakie stawia nowoczesne w\u0119dkarstwo.<\/p>\n","protected":false},"featured_media":1522,"template":"","meta":[],"product_brand":[22],"product_cat":[19,18,180,62,183,60],"product_tag":[],"class_list":{"0":"post-1062","1":"product","2":"type-product","3":"status-publish","4":"has-post-thumbnail","6":"product_brand-mikado","7":"product_cat-grunt","8":"product_cat-splawik","9":"product_cat-zylki-splawik","10":"product_cat-zylki-przyponowe","11":"product_cat-zylki-przyponowe-zylki-splawik","12":"product_cat-zylki-plecionki","14":"first","15":"instock","16":"shipping-taxable","17":"purchasable","18":"product-type-variable"},"_links":{"self":[{"href":"https:\/\/kotlinafishing.pl\/index.php?rest_route=\/wp\/v2\/product\/1062","targetHints":{"allow":["GET"]}}],"collection":[{"href":"https:\/\/kotlinafishing.pl\/index.php?rest_route=\/wp\/v2\/product"}],"about":[{"href":"https:\/\/kotlinafishing.pl\/index.php?rest_route=\/wp\/v2\/types\/product"}],"wp:featuredmedia":[{"embeddable":true,"href":"https:\/\/kotlinafishing.pl\/index.php?rest_route=\/wp\/v2\/media\/1522"}],"wp:attachment":[{"href":"https:\/\/kotlinafishing.pl\/index.php?rest_route=%2Fwp%2Fv2%2Fmedia&parent=1062"}],"wp:term":[{"taxonomy":"product_brand","embeddable":true,"href":"https:\/\/kotlinafishing.pl\/index.php?rest_route=%2Fwp%2Fv2%2Fproduct_brand&post=1062"},{"taxonomy":"product_cat","embeddable":true,"href":"https:\/\/kotlinafishing.pl\/index.php?rest_route=%2Fwp%2Fv2%2Fproduct_cat&post=1062"},{"taxonomy":"product_tag","embeddable":true,"href":"https:\/\/kotlinafishing.pl\/index.php?rest_route=%2Fwp%2Fv2%2Fproduct_tag&post=1062"}],"curies":[{"name":"wp","href":"https:\/\/api.w.org\/{rel}","templated":true}]}}