{"id":3,"date":"2025-07-11T19:58:26","date_gmt":"2025-07-11T17:58:26","guid":{"rendered":"http:\/\/kotlinafishing.pl\/?page_id=3"},"modified":"2026-02-24T08:24:02","modified_gmt":"2026-02-24T07:24:02","slug":"polityka-prywatnosci","status":"publish","type":"page","link":"https:\/\/kotlinafishing.pl\/?page_id=3","title":{"rendered":"Polityka prywatno\u015bci"},"content":{"rendered":"\t\t<div data-elementor-type=\"wp-page\" data-elementor-id=\"3\" class=\"elementor elementor-3\" wpc-filter-elementor-widget=\"1\">\n\t\t\t\t<div class=\"elementor-element elementor-element-1ec4feec e-flex e-con-boxed e-con e-parent\" data-id=\"1ec4feec\" data-element_type=\"container\" data-e-type=\"container\">\n\t\t\t\t\t<div class=\"e-con-inner\">\n\t\t\t\t<div class=\"elementor-element elementor-element-282c9087 elementor-widget elementor-widget-text-editor\" data-id=\"282c9087\" data-element_type=\"widget\" data-e-type=\"widget\" data-widget_type=\"text-editor.default\">\n\t\t\t\t\t\t\t\t\t<h2 data-start=\"365\" data-end=\"388\">1. Informacje og\u00f3lne<\/h2>\n<ol data-start=\"390\" data-end=\"1054\">\n<li data-start=\"390\" data-end=\"581\">\n<p data-start=\"393\" data-end=\"581\">Niniejsza Polityka Prywatno\u015bci okre\u015bla zasady przetwarzania danych osobowych u\u017cytkownik\u00f3w sklepu internetowego <strong data-start=\"504\" data-end=\"523\">Kotlina Fishing<\/strong>, dost\u0119pnego pod adresem: <strong data-start=\"549\" data-end=\"580\">https:\/\/kotlinafishing.pl<\/strong><\/p>\n<\/li>\n<li data-start=\"582\" data-end=\"833\">\n<p data-start=\"585\" data-end=\"833\">Administratorem danych osobowych jest:<br data-start=\"623\" data-end=\"626\"><strong data-start=\"629\" data-end=\"663\">Kotlina Fishing Sp\u00f3\u0142ka Cywilna<\/strong><br data-start=\"663\" data-end=\"666\">ul. Wolno\u015bci 83, 57-300 K\u0142odzko<br data-start=\"700\" data-end=\"703\">NIP: <b>8831882892<\/b><br data-start=\"732\" data-end=\"735\">REGON: <b>541517721<\/b><br data-start=\"766\" data-end=\"769\">e-mail: <b>kotlina.fishing@gmail.com<\/b><br data-start=\"798\" data-end=\"801\">telefon: <b>+48 609 890 939, +48 667 730 129<\/b><\/p>\n<\/li>\n<li data-start=\"834\" data-end=\"1054\">\n<p data-start=\"837\" data-end=\"885\">Administrator przetwarza dane osobowe zgodnie z:<\/p>\n<ul data-start=\"889\" data-end=\"1054\">\n<li data-start=\"889\" data-end=\"960\">\n<p data-start=\"891\" data-end=\"960\">Rozporz\u0105dzeniem Parlamentu Europejskiego i Rady (UE) 2016\/679 (RODO),<\/p>\n<\/li>\n<li data-start=\"964\" data-end=\"1001\">\n<p data-start=\"966\" data-end=\"1001\">ustaw\u0105 o ochronie danych osobowych,<\/p>\n<\/li>\n<li data-start=\"1005\" data-end=\"1054\">\n<p data-start=\"1007\" data-end=\"1054\">ustaw\u0105 o \u015bwiadczeniu us\u0142ug drog\u0105 elektroniczn\u0105.<\/p>\n<\/li>\n<\/ul>\n<\/li>\n<\/ol>\n<hr data-start=\"1056\" data-end=\"1059\">\n<h2 data-start=\"1061\" data-end=\"1101\">2. Zakres zbieranych danych osobowych<\/h2>\n<p data-start=\"1103\" data-end=\"1159\">Administrator mo\u017ce przetwarza\u0107 nast\u0119puj\u0105ce dane osobowe:<\/p>\n<ul data-start=\"1160\" data-end=\"1368\">\n<li data-start=\"1160\" data-end=\"1178\">\n<p data-start=\"1162\" data-end=\"1178\">imi\u0119 i nazwisko,<\/p>\n<\/li>\n<li data-start=\"1179\" data-end=\"1216\">\n<p data-start=\"1181\" data-end=\"1216\">adres zamieszkania \/ adres dostawy,<\/p>\n<\/li>\n<li data-start=\"1217\" data-end=\"1232\">\n<p data-start=\"1219\" data-end=\"1232\">adres e-mail,<\/p>\n<\/li>\n<li data-start=\"1233\" data-end=\"1250\">\n<p data-start=\"1235\" data-end=\"1250\">numer telefonu,<\/p>\n<\/li>\n<li data-start=\"1251\" data-end=\"1288\">\n<p data-start=\"1253\" data-end=\"1288\">dane do faktury (NIP, nazwa firmy),<\/p>\n<\/li>\n<li data-start=\"1289\" data-end=\"1300\">\n<p data-start=\"1291\" data-end=\"1300\">adres IP,<\/p>\n<\/li>\n<li data-start=\"1301\" data-end=\"1341\">\n<p data-start=\"1303\" data-end=\"1341\">dane zawarte w formularzu kontaktowym,<\/p>\n<\/li>\n<li data-start=\"1342\" data-end=\"1368\">\n<p data-start=\"1344\" data-end=\"1368\">dane dotycz\u0105ce zam\u00f3wie\u0144.<\/p>\n<\/li>\n<\/ul>\n<p data-start=\"1370\" data-end=\"1456\">Podanie danych jest dobrowolne, ale <strong data-start=\"1406\" data-end=\"1455\">niezb\u0119dne do realizacji zam\u00f3wie\u0144 lub kontaktu<\/strong>.<\/p>\n<hr data-start=\"1458\" data-end=\"1461\">\n<h2 data-start=\"1463\" data-end=\"1494\">3. Cele przetwarzania danych<\/h2>\n<p data-start=\"1496\" data-end=\"1532\">Dane osobowe przetwarzane s\u0105 w celu:<\/p>\n<ol data-start=\"1533\" data-end=\"1880\">\n<li data-start=\"1533\" data-end=\"1573\">\n<p data-start=\"1536\" data-end=\"1573\">realizacji zam\u00f3wie\u0144 i um\u00f3w sprzeda\u017cy,<\/p>\n<\/li>\n<li data-start=\"1574\" data-end=\"1624\">\n<p data-start=\"1577\" data-end=\"1624\">obs\u0142ugi p\u0142atno\u015bci elektronicznych (Przelewy24),<\/p>\n<\/li>\n<li data-start=\"1625\" data-end=\"1656\">\n<p data-start=\"1628\" data-end=\"1656\">realizacji dostawy zam\u00f3wie\u0144,<\/p>\n<\/li>\n<li data-start=\"1657\" data-end=\"1689\">\n<p data-start=\"1660\" data-end=\"1689\">obs\u0142ugi reklamacji i zwrot\u00f3w,<\/p>\n<\/li>\n<li data-start=\"1690\" data-end=\"1713\">\n<p data-start=\"1693\" data-end=\"1713\">kontaktu z Klientem,<\/p>\n<\/li>\n<li data-start=\"1714\" data-end=\"1764\">\n<p data-start=\"1717\" data-end=\"1764\">realizacji obowi\u0105zk\u00f3w ksi\u0119gowych i podatkowych,<\/p>\n<\/li>\n<li data-start=\"1765\" data-end=\"1827\">\n<p data-start=\"1768\" data-end=\"1827\">marketingu w\u0142asnych produkt\u00f3w (newsletter),<\/p>\n<\/li>\n<li data-start=\"1828\" data-end=\"1880\">\n<p data-start=\"1831\" data-end=\"1880\">prowadzenia statystyk i analizy ruchu na stronie.<\/p>\n<\/li>\n<\/ol>\n<hr data-start=\"1882\" data-end=\"1885\">\n<h2 data-start=\"1887\" data-end=\"1929\">4. Podstawy prawne przetwarzania danych<\/h2>\n<p data-start=\"1931\" data-end=\"1973\">Dane osobowe przetwarzane s\u0105 na podstawie:<\/p>\n<ul data-start=\"1974\" data-end=\"2208\">\n<li data-start=\"1974\" data-end=\"2020\">\n<p data-start=\"1976\" data-end=\"2020\">art. 6 ust. 1 lit. b RODO \u2013 wykonanie umowy,<\/p>\n<\/li>\n<li data-start=\"2021\" data-end=\"2068\">\n<p data-start=\"2023\" data-end=\"2068\">art. 6 ust. 1 lit. c RODO \u2013 obowi\u0105zek prawny,<\/p>\n<\/li>\n<li data-start=\"2069\" data-end=\"2142\">\n<p data-start=\"2071\" data-end=\"2142\">art. 6 ust. 1 lit. f RODO \u2013 prawnie uzasadniony interes Administratora,<\/p>\n<\/li>\n<li data-start=\"2143\" data-end=\"2208\">\n<p data-start=\"2145\" data-end=\"2208\">art. 6 ust. 1 lit. a RODO \u2013 zgoda u\u017cytkownika (np. newsletter).<\/p>\n<\/li>\n<\/ul>\n<hr data-start=\"2210\" data-end=\"2213\">\n<h2 data-start=\"2215\" data-end=\"2236\">5. Odbiorcy danych<\/h2>\n<p data-start=\"2238\" data-end=\"2334\">Dane osobowe mog\u0105 by\u0107 przekazywane podmiotom wsp\u00f3\u0142pracuj\u0105cym z Administratorem, w szczeg\u00f3lno\u015bci:<\/p>\n<ul data-start=\"2335\" data-end=\"2543\">\n<li data-start=\"2335\" data-end=\"2388\">\n<p data-start=\"2337\" data-end=\"2388\">operatorowi p\u0142atno\u015bci <strong data-start=\"2359\" data-end=\"2387\">PayPro S.A. (Przelewy24)<\/strong>,<\/p>\n<\/li>\n<li data-start=\"2389\" data-end=\"2432\">\n<p data-start=\"2391\" data-end=\"2432\">firmom kurierskim i operatorom pocztowym,<\/p>\n<\/li>\n<li data-start=\"2433\" data-end=\"2452\">\n<p data-start=\"2435\" data-end=\"2452\">firmie ksi\u0119gowej,<\/p>\n<\/li>\n<li data-start=\"2453\" data-end=\"2494\">\n<p data-start=\"2455\" data-end=\"2494\">dostawcy hostingu i systemu sklepowego,<\/p>\n<\/li>\n<li data-start=\"2495\" data-end=\"2543\">\n<p data-start=\"2497\" data-end=\"2543\">firmom obs\u0142uguj\u0105cym systemy IT i marketingowe.<\/p>\n<\/li>\n<\/ul>\n<p data-start=\"2545\" data-end=\"2642\">Dane nie s\u0105 przekazywane poza UE, chyba \u017ce wynika to z u\u017cycia narz\u0119dzi zewn\u0119trznych (np. Google).<\/p>\n<hr data-start=\"2644\" data-end=\"2647\">\n<h2 data-start=\"2649\" data-end=\"2688\">6. Przelewy24 \u2013 przetwarzanie danych<\/h2>\n<ol data-start=\"2690\" data-end=\"2997\">\n<li data-start=\"2690\" data-end=\"2795\">\n<p data-start=\"2693\" data-end=\"2795\">P\u0142atno\u015bci online realizowane s\u0105 przez operatora:<br data-start=\"2741\" data-end=\"2744\"><strong data-start=\"2747\" data-end=\"2794\">PayPro S.A., ul. Pastelowa 8, 60-198 Pozna\u0144<\/strong>.<\/p>\n<\/li>\n<li data-start=\"2796\" data-end=\"2874\">\n<p data-start=\"2799\" data-end=\"2874\">W celu realizacji p\u0142atno\u015bci Klient przekazywany jest do systemu Przelewy24.<\/p>\n<\/li>\n<li data-start=\"2875\" data-end=\"2928\">\n<p data-start=\"2878\" data-end=\"2928\">Sklep <strong data-start=\"2884\" data-end=\"2927\">nie przechowuje danych kart p\u0142atniczych<\/strong>.<\/p>\n<\/li>\n<li data-start=\"2929\" data-end=\"2997\">\n<p data-start=\"2932\" data-end=\"2997\">Przelewy24 przetwarza dane zgodnie z w\u0142asn\u0105 polityk\u0105 prywatno\u015bci.<\/p>\n<\/li>\n<\/ol>\n<hr data-start=\"2999\" data-end=\"3002\">\n<h2 data-start=\"3004\" data-end=\"3037\">7. Okres przechowywania danych<\/h2>\n<p data-start=\"3039\" data-end=\"3069\">Dane osobowe przechowywane s\u0105:<\/p>\n<ul data-start=\"3070\" data-end=\"3237\">\n<li data-start=\"3070\" data-end=\"3097\">\n<p data-start=\"3072\" data-end=\"3097\">przez czas trwania umowy,<\/p>\n<\/li>\n<li data-start=\"3098\" data-end=\"3157\">\n<p data-start=\"3100\" data-end=\"3157\">przez okres wymagany przepisami podatkowymi i ksi\u0119gowymi,<\/p>\n<\/li>\n<li data-start=\"3158\" data-end=\"3237\">\n<p data-start=\"3160\" data-end=\"3237\">do momentu cofni\u0119cia zgody (je\u015bli przetwarzanie odbywa si\u0119 na jej podstawie).<\/p>\n<\/li>\n<\/ul>\n<hr data-start=\"3239\" data-end=\"3242\">\n<h2 data-start=\"3244\" data-end=\"3267\">8. Prawa u\u017cytkownika<\/h2>\n<p data-start=\"3269\" data-end=\"3312\">Ka\u017cdemu u\u017cytkownikowi przys\u0142uguje prawo do:<\/p>\n<ul data-start=\"3313\" data-end=\"3584\">\n<li data-start=\"3313\" data-end=\"3333\">\n<p data-start=\"3315\" data-end=\"3333\">dost\u0119pu do danych,<\/p>\n<\/li>\n<li data-start=\"3334\" data-end=\"3353\">\n<p data-start=\"3336\" data-end=\"3353\">ich sprostowania,<\/p>\n<\/li>\n<li data-start=\"3354\" data-end=\"3397\">\n<p data-start=\"3356\" data-end=\"3397\">usuni\u0119cia (\u201eprawo do bycia zapomnianym\u201d),<\/p>\n<\/li>\n<li data-start=\"3398\" data-end=\"3427\">\n<p data-start=\"3400\" data-end=\"3427\">ograniczenia przetwarzania,<\/p>\n<\/li>\n<li data-start=\"3428\" data-end=\"3450\">\n<p data-start=\"3430\" data-end=\"3450\">przenoszenia danych,<\/p>\n<\/li>\n<li data-start=\"3451\" data-end=\"3474\">\n<p data-start=\"3453\" data-end=\"3474\">wniesienia sprzeciwu,<\/p>\n<\/li>\n<li data-start=\"3475\" data-end=\"3513\">\n<p data-start=\"3477\" data-end=\"3513\">cofni\u0119cia zgody w dowolnym momencie,<\/p>\n<\/li>\n<li data-start=\"3514\" data-end=\"3584\">\n<p data-start=\"3516\" data-end=\"3584\">wniesienia skargi do Prezesa Urz\u0119du Ochrony Danych Osobowych (UODO).<\/p>\n<\/li>\n<\/ul>\n<hr data-start=\"3586\" data-end=\"3589\">\n<h2 data-start=\"3591\" data-end=\"3610\">9. Pliki cookies<\/h2>\n<ol data-start=\"3612\" data-end=\"3906\">\n<li data-start=\"3612\" data-end=\"3744\">\n<p data-start=\"3615\" data-end=\"3655\">Sklep wykorzystuje pliki cookies w celu:<\/p>\n<ul data-start=\"3659\" data-end=\"3744\">\n<li data-start=\"3659\" data-end=\"3691\">\n<p data-start=\"3661\" data-end=\"3691\">prawid\u0142owego dzia\u0142ania strony,<\/p>\n<\/li>\n<li data-start=\"3695\" data-end=\"3715\">\n<p data-start=\"3697\" data-end=\"3715\">analizy statystyk,<\/p>\n<\/li>\n<li data-start=\"3719\" data-end=\"3744\">\n<p data-start=\"3721\" data-end=\"3744\">dzia\u0142a\u0144 marketingowych.<\/p>\n<\/li>\n<\/ul>\n<\/li>\n<li data-start=\"3745\" data-end=\"3840\">\n<p data-start=\"3748\" data-end=\"3840\">U\u017cytkownik mo\u017ce zarz\u0105dza\u0107 plikami cookies poprzez ustawienia przegl\u0105darki lub baner cookies.<\/p>\n<\/li>\n<li data-start=\"3841\" data-end=\"3906\">\n<p data-start=\"3844\" data-end=\"3906\">Szczeg\u00f3\u0142y dotycz\u0105ce cookies opisane s\u0105 w <strong data-start=\"3885\" data-end=\"3905\">Polityce Cookies<\/strong>.<\/p>\n<\/li>\n<\/ol>\n<hr data-start=\"3908\" data-end=\"3911\">\n<h2 data-start=\"3913\" data-end=\"3941\">10. Zabezpieczenia danych<\/h2>\n<p data-start=\"3943\" data-end=\"4018\">Administrator stosuje odpowiednie \u015brodki techniczne i organizacyjne, w tym:<\/p>\n<ul data-start=\"4019\" data-end=\"4095\">\n<li data-start=\"4019\" data-end=\"4036\">\n<p data-start=\"4021\" data-end=\"4036\">certyfikat SSL,<\/p>\n<\/li>\n<li data-start=\"4037\" data-end=\"4063\">\n<p data-start=\"4039\" data-end=\"4063\">zabezpieczenia serwer\u00f3w,<\/p>\n<\/li>\n<li data-start=\"4064\" data-end=\"4095\">\n<p data-start=\"4066\" data-end=\"4095\">ograniczony dost\u0119p do danych.<\/p>\n<\/li>\n<\/ul>\n<hr data-start=\"4097\" data-end=\"4100\">\n<h2 data-start=\"4102\" data-end=\"4136\">11. Zmiany Polityki Prywatno\u015bci<\/h2>\n<p data-start=\"4138\" data-end=\"4274\">Administrator zastrzega sobie prawo do zmiany niniejszej Polityki Prywatno\u015bci.<br data-start=\"4216\" data-end=\"4219\">Aktualna wersja zawsze dost\u0119pna jest na stronie sklepu.<\/p>\n<hr data-start=\"4276\" data-end=\"4279\">\n<h2 data-start=\"4281\" data-end=\"4295\">12. Kontakt<\/h2>\n<p data-start=\"4297\" data-end=\"4404\">W sprawach zwi\u0105zanych z ochron\u0105 danych osobowych mo\u017cna kontaktowa\u0107 si\u0119 pod adresem:<br data-start=\"4380\" data-end=\"4383\"><img decoding=\"async\" class=\"emoji\" role=\"img\" draggable=\"false\" src=\"https:\/\/s.w.org\/images\/core\/emoji\/17.0.2\/svg\/1f4e7.svg\" alt=\"\ud83d\udce7\">&nbsp;<b>kotlina.fishing@gmail.com<\/b><\/p>\t\t\t\t\t\t\t\t<\/div>\n\t\t\t\t\t<\/div>\n\t\t\t\t<\/div>\n\t\t\t\t<\/div>\n\t\t","protected":false},"excerpt":{"rendered":"<p>1. Informacje og\u00f3lne Niniejsza Polityka Prywatno\u015bci okre\u015bla zasady przetwarzania danych osobowych u\u017cytkownik\u00f3w sklepu internetowego Kotlina Fishing, dost\u0119pnego pod adresem: https:\/\/kotlinafishing.pl Administratorem danych osobowych jest:Kotlina Fishing Sp\u00f3\u0142ka Cywilnaul. Wolno\u015bci 83, 57-300 K\u0142odzkoNIP: 8831882892REGON: 541517721e-mail: kotlina.fishing@gmail.comtelefon: +48 609 890 939, +48 667 730 129 Administrator przetwarza dane osobowe zgodnie z: Rozporz\u0105dzeniem Parlamentu Europejskiego i Rady (UE) 2016\/679&hellip;<\/p>\n","protected":false},"author":1,"featured_media":0,"parent":0,"menu_order":0,"comment_status":"closed","ping_status":"open","template":"","meta":{"footnotes":""},"class_list":["post-3","page","type-page","status-publish","hentry"],"_links":{"self":[{"href":"https:\/\/kotlinafishing.pl\/index.php?rest_route=\/wp\/v2\/pages\/3","targetHints":{"allow":["GET"]}}],"collection":[{"href":"https:\/\/kotlinafishing.pl\/index.php?rest_route=\/wp\/v2\/pages"}],"about":[{"href":"https:\/\/kotlinafishing.pl\/index.php?rest_route=\/wp\/v2\/types\/page"}],"author":[{"embeddable":true,"href":"https:\/\/kotlinafishing.pl\/index.php?rest_route=\/wp\/v2\/users\/1"}],"replies":[{"embeddable":true,"href":"https:\/\/kotlinafishing.pl\/index.php?rest_route=%2Fwp%2Fv2%2Fcomments&post=3"}],"version-history":[{"count":6,"href":"https:\/\/kotlinafishing.pl\/index.php?rest_route=\/wp\/v2\/pages\/3\/revisions"}],"predecessor-version":[{"id":3052,"href":"https:\/\/kotlinafishing.pl\/index.php?rest_route=\/wp\/v2\/pages\/3\/revisions\/3052"}],"wp:attachment":[{"href":"https:\/\/kotlinafishing.pl\/index.php?rest_route=%2Fwp%2Fv2%2Fmedia&parent=3"}],"curies":[{"name":"wp","href":"https:\/\/api.w.org\/{rel}","templated":true}]}}