{"id":2492,"date":"2026-01-29T17:42:27","date_gmt":"2026-01-29T16:42:27","guid":{"rendered":"http:\/\/kotlinafishing.pl\/?page_id=2492"},"modified":"2026-02-04T14:55:47","modified_gmt":"2026-02-04T13:55:47","slug":"dostawa-i-platnosc","status":"publish","type":"page","link":"https:\/\/kotlinafishing.pl\/?page_id=2492","title":{"rendered":"Dostawa i p\u0142atno\u015bci"},"content":{"rendered":"\t\t<div data-elementor-type=\"wp-page\" data-elementor-id=\"2492\" class=\"elementor elementor-2492\" wpc-filter-elementor-widget=\"1\">\n\t\t\t\t<div class=\"elementor-element elementor-element-5c9c83e0 e-flex e-con-boxed e-con e-parent\" data-id=\"5c9c83e0\" data-element_type=\"container\" data-e-type=\"container\">\n\t\t\t\t\t<div class=\"e-con-inner\">\n\t\t\t\t<div class=\"elementor-element elementor-element-172bffea elementor-widget elementor-widget-text-editor\" data-id=\"172bffea\" data-element_type=\"widget\" data-e-type=\"widget\" data-widget_type=\"text-editor.default\">\n\t\t\t\t\t\t\t\t\t<h2 style=\"font-family: 'Google Sans', sans-serif !important; line-height: 1.15 !important; margin-top: 0px !important;\" data-path-to-node=\"3\"><img decoding=\"async\" class=\"emoji\" role=\"img\" draggable=\"false\" src=\"https:\/\/s.w.org\/images\/core\/emoji\/17.0.2\/svg\/1f4e6.svg\" alt=\"\ud83d\udce6\" \/> Dostawa i p\u0142atno\u015bci<\/h2>\n<p style=\"font-family: 'Google Sans Text', sans-serif !important; line-height: 1.15 !important;\" data-path-to-node=\"4\">W naszym sklepie dbamy o to, aby Tw\u00f3j sprz\u0119t w\u0119dkarski dotar\u0142 do Ciebie szybko i bezpiecznie. Poni\u017cej znajdziesz szczeg\u00f3\u0142owe informacje o dost\u0119pnych metodach transportu oraz bezpiecznych p\u0142atno\u015bciach.<\/p>\n<h3 style=\"font-family: 'Google Sans', sans-serif !important; line-height: 1.15 !important; margin-top: 0px !important;\" data-path-to-node=\"5\"><img decoding=\"async\" class=\"emoji\" role=\"img\" draggable=\"false\" src=\"https:\/\/s.w.org\/images\/core\/emoji\/17.0.2\/svg\/1f4b3.svg\" alt=\"\ud83d\udcb3\" \/> Metody p\u0142atno\u015bci<\/h3>\n<p style=\"font-family: 'Google Sans Text', sans-serif !important; line-height: 1.15 !important;\" data-path-to-node=\"6\">Wsp\u00f3\u0142pracujemy z operatorem <b style=\"line-height: 1.15 !important; margin-top: 0px !important;\" data-path-to-node=\"6\" data-index-in-node=\"28\">Przelewy24<\/b>, co gwarantuje szybko\u015b\u0107 ksi\u0119gowania i najwy\u017cszy poziom bezpiecze\u0144stwa Twoich \u015brodk\u00f3w. Dzi\u0119ki temu Twoje zam\u00f3wienie trafia do realizacji natychmiast po zakupie.<\/p>\n<ul style=\"padding-inline-start: 32px; font-family: 'Google Sans Text', sans-serif !important; line-height: 1.15 !important;\" data-path-to-node=\"7\">\n<li style=\"line-height: 1.15 !important; margin-top: 0px !important;\">\n<p style=\"line-height: 1.15 !important;\" data-path-to-node=\"7,0,0\"><b style=\"line-height: 1.15 !important; margin-top: 0px !important;\" data-path-to-node=\"7,0,0\" data-index-in-node=\"0\">Szybki przelew (Pay-by-link):<\/b> Wybierz sw\u00f3j bank i zap\u0142a\u0107 wygodnie.<\/p>\n<\/li>\n<li style=\"line-height: 1.15 !important; margin-top: 0px !important;\">\n<p style=\"line-height: 1.15 !important;\" data-path-to-node=\"7,1,0\"><b style=\"line-height: 1.15 !important; margin-top: 0px !important;\" data-path-to-node=\"7,1,0\" data-index-in-node=\"0\">BLIK:<\/b> Najszybsza metoda p\u0142atno\u015bci kodem z Twojej aplikacji bankowej.<\/p>\n<\/li>\n<li style=\"line-height: 1.15 !important; margin-top: 0px !important;\">\n<p style=\"line-height: 1.15 !important;\" data-path-to-node=\"7,2,0\"><b style=\"line-height: 1.15 !important; margin-top: 0px !important;\" data-path-to-node=\"7,2,0\" data-index-in-node=\"0\">Karty p\u0142atnicze:<\/b> Visa, Mastercard.<\/p>\n<\/li>\n<li style=\"line-height: 1.15 !important; margin-top: 0px !important;\">\n<p style=\"line-height: 1.15 !important;\" data-path-to-node=\"7,3,0\"><b style=\"line-height: 1.15 !important; margin-top: 0px !important;\" data-path-to-node=\"7,3,0\" data-index-in-node=\"0\">Google Pay \/ Apple Pay:<\/b> P\u0142atno\u015bci zbli\u017ceniowe i mobilne.<\/p>\n<\/li>\n<\/ul>\n<hr style=\"font-family: 'Google Sans Text', sans-serif !important; line-height: 1.15 !important;\" data-path-to-node=\"8\" \/>\n<h3 style=\"font-family: 'Google Sans', sans-serif !important; line-height: 1.15 !important; margin-top: 0px !important;\" data-path-to-node=\"9\"><img decoding=\"async\" class=\"emoji\" role=\"img\" draggable=\"false\" src=\"https:\/\/s.w.org\/images\/core\/emoji\/17.0.2\/svg\/1f69a.svg\" alt=\"\ud83d\ude9a\" \/> Metody i koszty dostawy<\/h3>\n<p style=\"font-family: 'Google Sans Text', sans-serif !important; line-height: 1.15 !important;\" data-path-to-node=\"10\">Wysy\u0142amy towar w ci\u0105gu <b style=\"line-height: 1.15 !important; margin-top: 0px !important;\" data-path-to-node=\"10\" data-index-in-node=\"23\">24h<\/b> od momentu zaksi\u0119gowania wp\u0142aty (dla produkt\u00f3w dost\u0119pnych w magazynie).<\/p>\n<table style=\"margin-bottom: 32px; font-family: 'Google Sans Text', sans-serif !important; line-height: 1.15 !important; margin-top: 0px !important;\" data-path-to-node=\"11\">\n<thead style=\"line-height: 1.15 !important; margin-top: 0px !important;\">\n<tr style=\"line-height: 1.15 !important; margin-top: 0px !important;\">\n<td style=\"border: 1px solid; line-height: 1.15 !important; margin-top: 0px !important;\"><strong style=\"line-height: 1.15 !important; margin-top: 0px !important; margin-bottom: 0px !important;\">Metoda dostawy<\/strong><\/td>\n<td style=\"border: 1px solid; line-height: 1.15 !important; margin-top: 0px !important;\"><strong style=\"line-height: 1.15 !important; margin-top: 0px !important; margin-bottom: 0px !important;\">Czas dostawy<\/strong><\/td>\n<td style=\"border: 1px solid; line-height: 1.15 !important; margin-top: 0px !important;\"><strong style=\"line-height: 1.15 !important; margin-top: 0px !important; margin-bottom: 0px !important;\">Koszt<\/strong><\/td>\n<\/tr>\n<\/thead>\n<tbody style=\"line-height: 1.15 !important; margin-top: 0px !important;\">\n<tr style=\"line-height: 1.15 !important; margin-top: 0px !important;\">\n<td style=\"border: 1px solid; line-height: 1.15 !important; margin-top: 0px !important;\"><span style=\"line-height: 1.15 !important; margin-top: 0px !important;\" data-path-to-node=\"11,1,0,0\"><b style=\"line-height: 1.15 !important; margin-top: 0px !important;\" data-path-to-node=\"11,1,0,0\" data-index-in-node=\"0\">InPost Paczkomat 24\/7<\/b><\/span><\/td>\n<td style=\"border: 1px solid; line-height: 1.15 !important; margin-top: 0px !important;\"><span style=\"line-height: 1.15 !important; margin-top: 0px !important;\" data-path-to-node=\"11,1,1,0\">1-2 dni robocze<\/span><\/td>\n<td style=\"border: 1px solid; line-height: 1.15 !important; margin-top: 0px !important;\"><span style=\"line-height: 1.15 !important; margin-top: 0px !important;\" data-path-to-node=\"11,1,2,0\">15,90 z\u0142<\/span><\/td>\n<\/tr>\n<tr style=\"line-height: 1.15 !important; margin-top: 0px !important;\">\n<td style=\"border: 1px solid; line-height: 1.15 !important; margin-top: 0px !important;\"><span style=\"line-height: 1.15 !important; margin-top: 0px !important;\" data-path-to-node=\"11,2,0,0\"><b style=\"line-height: 1.15 !important; margin-top: 0px !important;\" data-path-to-node=\"11,2,0,0\" data-index-in-node=\"0\">Kurier InPost<\/b><\/span><\/td>\n<td style=\"border: 1px solid; line-height: 1.15 !important; margin-top: 0px !important;\"><span style=\"line-height: 1.15 !important; margin-top: 0px !important;\" data-path-to-node=\"11,2,1,0\">1-2 dni robocze<\/span><\/td>\n<td style=\"border: 1px solid; line-height: 1.15 !important; margin-top: 0px !important;\"><span style=\"line-height: 1.15 !important; margin-top: 0px !important;\" data-path-to-node=\"11,2,2,0\">19,90 z\u0142<\/span><\/td>\n<\/tr>\n<tr style=\"line-height: 1.15 !important; margin-top: 0px !important;\">\n<td style=\"border: 1px solid; line-height: 1.15 !important; margin-top: 0px !important;\"><span style=\"line-height: 1.15 !important; margin-top: 0px !important;\" data-path-to-node=\"11,3,0,0\"><b style=\"line-height: 1.15 !important; margin-top: 0px !important;\" data-path-to-node=\"11,3,0,0\" data-index-in-node=\"0\">Odbi\u00f3r osobisty<\/b><\/span><\/td>\n<td style=\"border: 1px solid; line-height: 1.15 !important; margin-top: 0px !important;\"><span style=\"line-height: 1.15 !important; margin-top: 0px !important;\" data-path-to-node=\"11,3,1,0\">Tego samego dnia*<\/span><\/td>\n<td style=\"border: 1px solid; line-height: 1.15 !important; margin-top: 0px !important;\"><span style=\"line-height: 1.15 !important; margin-top: 0px !important;\" data-path-to-node=\"11,3,2,0\"><b style=\"line-height: 1.15 !important; margin-top: 0px !important;\" data-path-to-node=\"11,3,2,0\" data-index-in-node=\"0\">0,00 z\u0142<\/b><\/span><\/td>\n<\/tr>\n<\/tbody>\n<\/table>\n<blockquote style=\"font-family: 'Google Sans Text', sans-serif !important; line-height: 1.15 !important;\" data-path-to-node=\"12\">\n<p style=\"line-height: 1.15 !important;\" data-path-to-node=\"12,0\"><b style=\"line-height: 1.15 !important; margin-top: 0px !important;\" data-path-to-node=\"12,0\" data-index-in-node=\"0\"><img decoding=\"async\" class=\"emoji\" role=\"img\" draggable=\"false\" src=\"https:\/\/s.w.org\/images\/core\/emoji\/17.0.2\/svg\/1f4a1.svg\" alt=\"\ud83d\udca1\" \/> Wskaz\u00f3wka:<\/b> Przy zam\u00f3wieniach powy\u017cej <b style=\"line-height: 1.15 !important; margin-top: 0px !important;\" data-path-to-node=\"12,0\" data-index-in-node=\"40\">[wpisz kwot\u0119, np. 300 z\u0142]<\/b> dostawa do Paczkomat\u00f3w jest ca\u0142kowicie <b style=\"line-height: 1.15 !important; margin-top: 0px !important;\" data-path-to-node=\"12,0\" data-index-in-node=\"105\">DARMOWA!<\/b><\/p>\n<\/blockquote>\n<hr style=\"font-family: 'Google Sans Text', sans-serif !important; line-height: 1.15 !important;\" data-path-to-node=\"13\" \/>\n<h3 style=\"font-family: 'Google Sans', sans-serif !important; line-height: 1.15 !important; margin-top: 0px !important;\" data-path-to-node=\"14\"><img decoding=\"async\" class=\"emoji\" role=\"img\" draggable=\"false\" src=\"https:\/\/s.w.org\/images\/core\/emoji\/17.0.2\/svg\/1f3e0.svg\" alt=\"\ud83c\udfe0\" \/> Odbi\u00f3r osobisty<\/h3>\n<p style=\"font-family: 'Google Sans Text', sans-serif !important; line-height: 1.15 !important;\" data-path-to-node=\"15\">Zapraszamy po odbi\u00f3r zam\u00f3wionego sprz\u0119tu do naszego punktu stacjonarnego:<\/p>\n<ul style=\"padding-inline-start: 32px; font-family: 'Google Sans Text', sans-serif !important; line-height: 1.15 !important;\" data-path-to-node=\"16\">\n<li style=\"line-height: 1.15 !important; margin-top: 0px !important;\">\n<p style=\"line-height: 1.15 !important;\" data-path-to-node=\"16,0,0\"><b style=\"line-height: 1.15 !important; margin-top: 0px !important;\" data-path-to-node=\"16,0,0\" data-index-in-node=\"0\">Adres:<\/b>\u00a0ul. Wolno\u015bci 83, 57-300 K\u0142odzko<\/p>\n<\/li>\n<li style=\"line-height: 1.15 !important; margin-top: 0px !important;\">\n<p style=\"line-height: 1.15 !important;\" data-path-to-node=\"16,1,0\"><b style=\"line-height: 1.15 !important; margin-top: 0px !important;\" data-path-to-node=\"16,1,0\" data-index-in-node=\"0\">Godziny otwarcia:<\/b> Pn-Pt: 8:00 &#8211; 16:00, Sob: 8:00 &#8211; 13:00<\/p>\n<\/li>\n<li style=\"line-height: 1.15 !important; margin-top: 0px !important;\">\n<p style=\"line-height: 1.15 !important;\" data-path-to-node=\"16,2,0\"><b style=\"line-height: 1.15 !important; margin-top: 0px !important;\" data-path-to-node=\"16,2,0\" data-index-in-node=\"0\">Wa\u017cne:<\/b> O gotowo\u015bci zam\u00f3wienia do odbioru poinformujemy Ci\u0119 drog\u0105 mailow\u0105 lub SMS-em.<\/p>\n<\/li>\n<\/ul>\n<hr style=\"font-family: 'Google Sans Text', sans-serif !important; line-height: 1.15 !important;\" data-path-to-node=\"17\" \/>\n<h3 style=\"font-family: 'Google Sans', sans-serif !important; line-height: 1.15 !important; margin-top: 0px !important;\" data-path-to-node=\"18\"><img decoding=\"async\" class=\"emoji\" role=\"img\" draggable=\"false\" src=\"https:\/\/s.w.org\/images\/core\/emoji\/17.0.2\/svg\/1f3a3.svg\" alt=\"\ud83c\udfa3\" \/> Bezpiecze\u0144stwo przesy\u0142ek<\/h3>\n<p style=\"font-family: 'Google Sans Text', sans-serif !important; line-height: 1.15 !important;\" data-path-to-node=\"19\">Wiemy, jak delikatne potrafi\u0105 by\u0107 w\u0119dziska i ko\u0142owrotki. Ka\u017cda paczka jest przez nas pancernie pakowana w grube tuby lub wzmocnione kartony, aby dotar\u0142a do Ciebie w nienaruszonym stanie.<\/p>\n<p style=\"font-family: 'Google Sans Text', sans-serif !important; line-height: 1.15 !important;\" data-path-to-node=\"20\"><b style=\"line-height: 1.15 !important; margin-top: 0px !important;\" data-path-to-node=\"20\" data-index-in-node=\"0\">Prosimy o sprawdzenie przesy\u0142ki w obecno\u015bci kuriera lub przy paczkomacie. W razie uszkodze\u0144, sporz\u0105d\u017a protok\u00f3\u0142 szkody.<\/b><\/p>\n<p><!-- \/wp:paragraph --><\/p>\t\t\t\t\t\t\t\t<\/div>\n\t\t\t\t\t<\/div>\n\t\t\t\t<\/div>\n\t\t\t\t<\/div>\n\t\t","protected":false},"excerpt":{"rendered":"<p>Dostawa i p\u0142atno\u015bci W naszym sklepie dbamy o to, aby Tw\u00f3j sprz\u0119t w\u0119dkarski dotar\u0142 do Ciebie szybko i bezpiecznie. Poni\u017cej znajdziesz szczeg\u00f3\u0142owe informacje o dost\u0119pnych metodach transportu oraz bezpiecznych p\u0142atno\u015bciach. Metody p\u0142atno\u015bci Wsp\u00f3\u0142pracujemy z operatorem Przelewy24, co gwarantuje szybko\u015b\u0107 ksi\u0119gowania i najwy\u017cszy poziom bezpiecze\u0144stwa Twoich \u015brodk\u00f3w. Dzi\u0119ki temu Twoje zam\u00f3wienie trafia do realizacji natychmiast po&hellip;<\/p>\n","protected":false},"author":1,"featured_media":0,"parent":0,"menu_order":0,"comment_status":"closed","ping_status":"closed","template":"","meta":{"footnotes":""},"class_list":["post-2492","page","type-page","status-publish","hentry"],"_links":{"self":[{"href":"https:\/\/kotlinafishing.pl\/index.php?rest_route=\/wp\/v2\/pages\/2492","targetHints":{"allow":["GET"]}}],"collection":[{"href":"https:\/\/kotlinafishing.pl\/index.php?rest_route=\/wp\/v2\/pages"}],"about":[{"href":"https:\/\/kotlinafishing.pl\/index.php?rest_route=\/wp\/v2\/types\/page"}],"author":[{"embeddable":true,"href":"https:\/\/kotlinafishing.pl\/index.php?rest_route=\/wp\/v2\/users\/1"}],"replies":[{"embeddable":true,"href":"https:\/\/kotlinafishing.pl\/index.php?rest_route=%2Fwp%2Fv2%2Fcomments&post=2492"}],"version-history":[{"count":6,"href":"https:\/\/kotlinafishing.pl\/index.php?rest_route=\/wp\/v2\/pages\/2492\/revisions"}],"predecessor-version":[{"id":2582,"href":"https:\/\/kotlinafishing.pl\/index.php?rest_route=\/wp\/v2\/pages\/2492\/revisions\/2582"}],"wp:attachment":[{"href":"https:\/\/kotlinafishing.pl\/index.php?rest_route=%2Fwp%2Fv2%2Fmedia&parent=2492"}],"curies":[{"name":"wp","href":"https:\/\/api.w.org\/{rel}","templated":true}]}}