{"id":2490,"date":"2026-01-29T17:41:13","date_gmt":"2026-01-29T16:41:13","guid":{"rendered":"http:\/\/kotlinafishing.pl\/?page_id=2490"},"modified":"2026-02-04T15:42:02","modified_gmt":"2026-02-04T14:42:02","slug":"zwroty-i-reklamacje","status":"publish","type":"page","link":"https:\/\/kotlinafishing.pl\/?page_id=2490","title":{"rendered":"Zwroty i reklamacje"},"content":{"rendered":"\t\t<div data-elementor-type=\"wp-page\" data-elementor-id=\"2490\" class=\"elementor elementor-2490\" wpc-filter-elementor-widget=\"1\">\n\t\t\t\t<div class=\"elementor-element elementor-element-25f56674 e-flex e-con-boxed e-con e-parent\" data-id=\"25f56674\" data-element_type=\"container\" data-e-type=\"container\">\n\t\t\t\t\t<div class=\"e-con-inner\">\n\t\t\t\t<div class=\"elementor-element elementor-element-7d559302 elementor-widget elementor-widget-text-editor\" data-id=\"7d559302\" data-element_type=\"widget\" data-e-type=\"widget\" data-widget_type=\"text-editor.default\">\n\t\t\t\t\t\t\t\t\t<p data-path-to-node=\"4\">W naszym sklepie masz pewno\u015b\u0107, \u017ce nie zostaniesz z towarem, kt\u00f3ry nie spe\u0142nia Twoich oczekiwa\u0144. Jako w\u0119dkarze wiemy, \u017ce sprz\u0119t musi \u201ele\u017ce\u0107 w d\u0142oni\u201d, dlatego proces zwrotu i reklamacji upro\u015bcili\u015bmy do minimum.<\/p>\n<hr data-path-to-node=\"5\" \/>\n<h3 data-path-to-node=\"6\"><img decoding=\"async\" class=\"emoji\" role=\"img\" draggable=\"false\" src=\"https:\/\/s.w.org\/images\/core\/emoji\/17.0.2\/svg\/1f519.svg\" alt=\"\ud83d\udd19\" \/> Zwrot towaru (Odst\u0105pienie od umowy)<\/h3>\n<p data-path-to-node=\"7\">Nie trafi\u0142e\u015b z prezentem? A mo\u017ce ko\u0142owrotek nie pasuje do Twojej w\u0119dki? Masz a\u017c <b data-path-to-node=\"7\" data-index-in-node=\"80\">14 dni<\/b> na zwrot towaru bez podania przyczyny.<\/p>\n<p data-path-to-node=\"8\"><b data-path-to-node=\"8\" data-index-in-node=\"0\">Jak dokona\u0107 zwrotu w 3 krokach:<\/b><\/p>\n<ol start=\"1\" data-path-to-node=\"9\">\n<li>\n<p data-path-to-node=\"9,0,0\"><b data-path-to-node=\"9,0,0\" data-index-in-node=\"0\">Poinformuj nas:<\/b> Wy\u015blij kr\u00f3tk\u0105 informacj\u0119 na adres e-mail: <code data-path-to-node=\"9,0,0\" data-index-in-node=\"58\">kotlina.fishing@gmail.com<\/code> lub do\u0142\u0105cz o\u015bwiadczenie do paczki.<\/p>\n<\/li>\n<li>\n<p data-path-to-node=\"9,1,0\"><b data-path-to-node=\"9,1,0\" data-index-in-node=\"0\">Spakuj produkt:<\/b> Pami\u0119taj, aby produkt by\u0142 w stanie nienaruszonym, w oryginalnym opakowaniu i z kompletem metek.<\/p>\n<\/li>\n<li>\n<p data-path-to-node=\"9,2,0\"><b data-path-to-node=\"9,2,0\" data-index-in-node=\"0\">Ode\u015blij paczk\u0119:<\/b> Prze\u015blij produkt na adres:<\/p>\n<ul data-path-to-node=\"9,2,1\">\n<li>\n<p data-path-to-node=\"9,2,1,0,0\"><span style=\"font-family: monospace, monospace;\">Kotlina Fishing Sp\u00f3\u0142ka Cywilna<\/span><\/p>\n<\/li>\n<li>\n<p data-path-to-node=\"9,2,1,1,0\"><span style=\"font-family: monospace, monospace;\">ul. Wolno\u015bci 83<\/span><\/p>\n<\/li>\n<li>\n<p data-path-to-node=\"9,2,1,2,0\"><span style=\"font-family: monospace, monospace;\">57-300 K\u0142odzko<\/span><\/p>\n<\/li>\n<li>\n<p data-path-to-node=\"9,2,1,2,0\"><span style=\"font-family: monospace, monospace;\">tel:+48 609 890 939<\/span><\/p>\n<\/li>\n<\/ul>\n<\/li>\n<\/ol>\n<p data-path-to-node=\"10\"><i data-path-to-node=\"10\" data-index-in-node=\"0\">Koszt zwrotu pokrywa Kupuj\u0105cy. \u015arodki zwr\u00f3cimy Ci w ci\u0105gu 14 dni t\u0105 sam\u0105 metod\u0105, kt\u00f3r\u0105 op\u0142acono zam\u00f3wienie.<\/i><\/p>\n<hr data-path-to-node=\"11\" \/>\n<h3 data-path-to-node=\"12\"><img decoding=\"async\" class=\"emoji\" role=\"img\" draggable=\"false\" src=\"https:\/\/s.w.org\/images\/core\/emoji\/17.0.2\/svg\/1f6e0.svg\" alt=\"\ud83d\udee0\ufe0f\" \/> Reklamacje<\/h3>\n<p data-path-to-node=\"13\">Wszystkie produkty w naszym sklepie s\u0105 fabrycznie nowe i obj\u0119te gwarancj\u0105 producenta (zazwyczaj 24 miesi\u0105ce). Je\u015bli Tw\u00f3j sprz\u0119t uleg\u0142 awarii lub posiada wad\u0119 fabryczn\u0105 \u2013 pomo\u017cemy!<\/p>\n<p data-path-to-node=\"14\"><b data-path-to-node=\"14\" data-index-in-node=\"0\">Procedura reklamacyjna:<\/b><\/p>\n<ul data-path-to-node=\"15\">\n<li>\n<p data-path-to-node=\"15,0,0\"><b data-path-to-node=\"15,0,0\" data-index-in-node=\"0\">Zg\u0142oszenie:<\/b> Napisz do nas na <code data-path-to-node=\"15,0,0\" data-index-in-node=\"29\">kotlina.fishing@gmail.com<\/code>, opisuj\u0105c wad\u0119. Je\u015bli to mo\u017cliwe, do\u0142\u0105cz zdj\u0119cie uszkodzenia \u2013 to znacznie przyspieszy proces.<\/p>\n<\/li>\n<li>\n<p data-path-to-node=\"15,1,0\"><b data-path-to-node=\"15,1,0\" data-index-in-node=\"0\">Wysy\u0142ka:<\/b> Po otrzymaniu zg\u0142oszenia poinformujemy Ci\u0119 o dalszych krokach. W przypadku uznanej reklamacji, koszty transportu s\u0105 po naszej stronie.<\/p>\n<\/li>\n<li>\n<p data-path-to-node=\"15,2,0\"><b data-path-to-node=\"15,2,0\" data-index-in-node=\"0\">Czas rozpatrzenia:<\/b> Twoj\u0105 reklamacj\u0119 rozpatrzymy w ci\u0105gu <b data-path-to-node=\"15,2,0\" data-index-in-node=\"56\">14 dni<\/b> kalendarzowych. Zawsze d\u0105\u017cymy do naprawy, wymiany na nowy egzemplarz lub zwrotu got\u00f3wki.<\/p>\n<\/li>\n<\/ul>\n<blockquote data-path-to-node=\"16\">\n<p data-path-to-node=\"16,0\"><b data-path-to-node=\"16,0\" data-index-in-node=\"0\"><img decoding=\"async\" class=\"emoji\" role=\"img\" draggable=\"false\" src=\"https:\/\/s.w.org\/images\/core\/emoji\/17.0.2\/svg\/26a0.svg\" alt=\"\u26a0\ufe0f\" \/> Wa\u017cna informacja dla w\u0119dkarzy:<\/b> Reklamacji nie podlegaj\u0105 uszkodzenia mechaniczne wynikaj\u0105ce z niew\u0142a\u015bciwego u\u017cytkowania (np. z\u0142amanie w\u0119dki podczas transportu bez tuby lub przeci\u0105\u017cenie blanku powy\u017cej ci\u0119\u017caru wyrzutu).<\/p>\n<\/blockquote>\n<hr data-path-to-node=\"17\" \/>\n<h3 data-path-to-node=\"18\"><img decoding=\"async\" class=\"emoji\" role=\"img\" draggable=\"false\" src=\"https:\/\/s.w.org\/images\/core\/emoji\/17.0.2\/svg\/1f4e6.svg\" alt=\"\ud83d\udce6\" \/> Reklamacja uszkodze\u0144 transportowych<\/h3>\n<p data-path-to-node=\"19\">Je\u015bli widzisz, \u017ce paczka od kuriera lub w Paczkomacie jest uszkodzona (zgnieciona, rozdarta):<\/p>\n<ol start=\"1\" data-path-to-node=\"20\">\n<li>\n<p data-path-to-node=\"20,0,0\">Spisz protok\u00f3\u0142 szkody u kuriera lub zg\u0142o\u015b to bezpo\u015brednio przy Paczkomacie (opcja na ekranie).<\/p>\n<\/li>\n<li>\n<p data-path-to-node=\"20,1,0\">Zr\u00f3b zdj\u0119cie uszkodzonej przesy\u0142ki.<\/p>\n<\/li>\n<li>\n<p data-path-to-node=\"20,2,0\">Skontaktuj si\u0119 z nami \u2013 zajmiemy si\u0119 reszt\u0105, aby\u015b jak najszybciej otrzyma\u0142 pe\u0142nowarto\u015bciowy towar.<\/p>\n<\/li>\n<\/ol>\n<p><!-- \/wp:paragraph --><\/p>\t\t\t\t\t\t\t\t<\/div>\n\t\t\t\t\t<\/div>\n\t\t\t\t<\/div>\n\t\t<div class=\"elementor-element elementor-element-618f89c e-flex e-con-boxed e-con e-parent\" data-id=\"618f89c\" data-element_type=\"container\" data-e-type=\"container\">\n\t\t\t\t\t<div class=\"e-con-inner\">\n\t\t\t\t<div class=\"elementor-element elementor-element-1ebacce elementor-widget elementor-widget-wpforms\" data-id=\"1ebacce\" data-element_type=\"widget\" data-e-type=\"widget\" data-widget_type=\"wpforms.default\">\n\t\t\t\t<div class=\"elementor-widget-container\">\n\t\t\t\t\t<div class=\"wpforms-container wpforms-container-full wpforms-render-modern\" id=\"wpforms-2586\"><form id=\"wpforms-form-2586\" class=\"wpforms-validate wpforms-form wpforms-ajax-form\" data-formid=\"2586\" method=\"post\" enctype=\"multipart\/form-data\" action=\"\/index.php?rest_route=%2Fwp%2Fv2%2Fpages%2F2490\" data-token=\"9a6c60ee776f9ae6dd1b38256c425ffa\" data-token-time=\"1776604720\"><div class=\"wpforms-head-container\"><div class=\"wpforms-title\">Formularz zwrotu, reklamacji lub wymiany<\/div><\/div><noscript class=\"wpforms-error-noscript\">Aby wype\u0142ni\u0107 ten formularz, w\u0142\u0105cz obs\u0142ug\u0119 JavaScript w przegl\u0105darce.<\/noscript><div id=\"wpforms-error-noscript\" style=\"display: none;\">Aby wype\u0142ni\u0107 ten formularz, w\u0142\u0105cz obs\u0142ug\u0119 JavaScript w przegl\u0105darce.<\/div><div class=\"wpforms-field-container\"><div id=\"wpforms-2586-field_0-container\" class=\"wpforms-field wpforms-field-name\" data-field-id=\"0\"><label class=\"wpforms-field-label\" for=\"wpforms-2586-field_0\">Imi\u0119 i nazwisko <span class=\"wpforms-required-label\" aria-hidden=\"true\">*<\/span><\/label><input type=\"text\" id=\"wpforms-2586-field_0\" class=\"wpforms-field-medium wpforms-field-required\" name=\"wpforms[fields][0]\" aria-errormessage=\"wpforms-2586-field_0-error\" required><\/div><div id=\"wpforms-2586-field_3-container\" class=\"wpforms-field wpforms-field-text\" data-field-id=\"3\"><label class=\"wpforms-field-label\" for=\"wpforms-2586-field_3\">Numer zam\u00f3wienia <span class=\"wpforms-required-label\" aria-hidden=\"true\">*<\/span><\/label><input type=\"text\" id=\"wpforms-2586-field_3\" class=\"wpforms-field-medium wpforms-field-required\" name=\"wpforms[fields][3]\" aria-errormessage=\"wpforms-2586-field_3-error\" required><\/div><div id=\"wpforms-2586-field_10-container\" class=\"wpforms-field wpforms-field-select wpforms-field-select-style-classic\" data-field-id=\"10\"><label class=\"wpforms-field-label\" for=\"wpforms-2586-field_10\">Rodzaj zg\u0142oszenia<\/label><select id=\"wpforms-2586-field_10\" class=\"wpforms-field-medium\" name=\"wpforms[fields][10]\"><option value=\"Odst\u0105pienie od umowy (Zwrot 14 dni)\"  class=\"choice-1 depth-1\"  >Odst\u0105pienie od umowy (Zwrot 14 dni)<\/option><option value=\"Reklamacja (Wada towaru)\"  class=\"choice-2 depth-1\"  >Reklamacja (Wada towaru)<\/option><option value=\"Wymiana na inny model\/rozmiar\"  class=\"choice-3 depth-1\"  >Wymiana na inny model\/rozmiar<\/option><\/select><\/div><div id=\"wpforms-2586-field_5-container\" class=\"wpforms-field wpforms-field-text\" data-field-id=\"5\"><label class=\"wpforms-field-label\" for=\"wpforms-2586-field_5\">Nazwa zwracanego\/reklamowanego\/wymienianego towaru <span class=\"wpforms-required-label\" aria-hidden=\"true\">*<\/span><\/label><input type=\"text\" id=\"wpforms-2586-field_5\" class=\"wpforms-field-medium wpforms-field-required\" name=\"wpforms[fields][5]\" aria-errormessage=\"wpforms-2586-field_5-error\" required><\/div><div id=\"wpforms-2586-field_12-container\" class=\"wpforms-field wpforms-field-text\" data-field-id=\"12\"><label class=\"wpforms-field-label\" for=\"wpforms-2586-field_12\">Numer konta bankowego do zwrotu \u015brodku<\/label><input type=\"text\" id=\"wpforms-2586-field_12\" class=\"wpforms-field-medium\" name=\"wpforms[fields][12]\" aria-errormessage=\"wpforms-2586-field_12-error\" ><\/div><div id=\"wpforms-2586-field_2-container\" class=\"wpforms-field wpforms-field-textarea\" data-field-id=\"2\"><label class=\"wpforms-field-label\" for=\"wpforms-2586-field_2\">Opis wady\/Pow\u00f3d zwrotu lub wymiany <span class=\"wpforms-required-label\" aria-hidden=\"true\">*<\/span><\/label><textarea id=\"wpforms-2586-field_2\" class=\"wpforms-field-medium wpforms-field-required\" name=\"wpforms[fields][2]\" aria-errormessage=\"wpforms-2586-field_2-error\" required><\/textarea><\/div>\t\t<div id=\"wpforms-2586-field_4-container\"\n\t\t\tclass=\"wpforms-field wpforms-field-text\"\n\t\t\tdata-field-type=\"text\"\n\t\t\tdata-field-id=\"4\"\n\t\t\t>\n\t\t\t<label class=\"wpforms-field-label\" for=\"wpforms-2586-field_4\" >zam\u00f3wienia Nazwa Numer<\/label>\n\t\t\t<input type=\"text\" id=\"wpforms-2586-field_4\" class=\"wpforms-field-medium\" name=\"wpforms[fields][4]\" >\n\t\t<\/div>\n\t\t<div id=\"wpforms-2586-field_1-container\" class=\"wpforms-field wpforms-field-email\" data-field-id=\"1\"><label class=\"wpforms-field-label\" for=\"wpforms-2586-field_1\">Email <span class=\"wpforms-required-label\" aria-hidden=\"true\">*<\/span><\/label><input type=\"email\" id=\"wpforms-2586-field_1\" class=\"wpforms-field-medium wpforms-field-required\" name=\"wpforms[fields][1]\" spellcheck=\"false\" aria-errormessage=\"wpforms-2586-field_1-error\" required><\/div><script>\n\t\t\t\t( function() {\n\t\t\t\t\tconst style = document.createElement( 'style' );\n\t\t\t\t\tstyle.appendChild( document.createTextNode( '#wpforms-2586-field_4-container { position: absolute !important; overflow: hidden !important; display: inline !important; height: 1px !important; width: 1px !important; z-index: -1000 !important; padding: 0 !important; } #wpforms-2586-field_4-container input { visibility: hidden; } #wpforms-conversational-form-page #wpforms-2586-field_4-container label { counter-increment: none; }' ) );\n\t\t\t\t\tdocument.head.appendChild( style );\n\t\t\t\t\tdocument.currentScript?.remove();\n\t\t\t\t} )();\n\t\t\t<\/script><\/div><!-- .wpforms-field-container --><div class=\"wpforms-submit-container\" ><input type=\"hidden\" name=\"wpforms[id]\" value=\"2586\"><input type=\"hidden\" name=\"page_title\" value=\"\"><input type=\"hidden\" name=\"page_url\" value=\"https:\/\/kotlinafishing.pl\/index.php?rest_route=\/wp\/v2\/pages\/2490\"><input type=\"hidden\" name=\"url_referer\" value=\"\"><button type=\"submit\" name=\"wpforms[submit]\" id=\"wpforms-submit-2586\" class=\"wpforms-submit\" data-alt-text=\"Wysy\u0142anie...\" data-submit-text=\"Wy\u015blij\" aria-live=\"assertive\" value=\"wpforms-submit\">Wy\u015blij<\/button><img decoding=\"async\" src=\"https:\/\/kotlinafishing.pl\/wp-content\/plugins\/wpforms-lite\/assets\/images\/submit-spin.svg\" class=\"wpforms-submit-spinner\" style=\"display: none;\" width=\"26\" height=\"26\" alt=\"Wczytywanie\"><\/div><\/form><\/div>  <!-- .wpforms-container -->\t\t\t\t<\/div>\n\t\t\t\t<\/div>\n\t\t\t\t\t<\/div>\n\t\t\t\t<\/div>\n\t\t\t\t<\/div>\n\t\t","protected":false},"excerpt":{"rendered":"<p>W naszym sklepie masz pewno\u015b\u0107, \u017ce nie zostaniesz z towarem, kt\u00f3ry nie spe\u0142nia Twoich oczekiwa\u0144. Jako w\u0119dkarze wiemy, \u017ce sprz\u0119t musi \u201ele\u017ce\u0107 w d\u0142oni\u201d, dlatego proces zwrotu i reklamacji upro\u015bcili\u015bmy do minimum. Zwrot towaru (Odst\u0105pienie od umowy) Nie trafi\u0142e\u015b z prezentem? A mo\u017ce ko\u0142owrotek nie pasuje do Twojej w\u0119dki? Masz a\u017c 14 dni na zwrot&hellip;<\/p>\n","protected":false},"author":1,"featured_media":0,"parent":0,"menu_order":0,"comment_status":"closed","ping_status":"closed","template":"","meta":{"footnotes":""},"class_list":["post-2490","page","type-page","status-publish","hentry"],"_links":{"self":[{"href":"https:\/\/kotlinafishing.pl\/index.php?rest_route=\/wp\/v2\/pages\/2490","targetHints":{"allow":["GET"]}}],"collection":[{"href":"https:\/\/kotlinafishing.pl\/index.php?rest_route=\/wp\/v2\/pages"}],"about":[{"href":"https:\/\/kotlinafishing.pl\/index.php?rest_route=\/wp\/v2\/types\/page"}],"author":[{"embeddable":true,"href":"https:\/\/kotlinafishing.pl\/index.php?rest_route=\/wp\/v2\/users\/1"}],"replies":[{"embeddable":true,"href":"https:\/\/kotlinafishing.pl\/index.php?rest_route=%2Fwp%2Fv2%2Fcomments&post=2490"}],"version-history":[{"count":10,"href":"https:\/\/kotlinafishing.pl\/index.php?rest_route=\/wp\/v2\/pages\/2490\/revisions"}],"predecessor-version":[{"id":2595,"href":"https:\/\/kotlinafishing.pl\/index.php?rest_route=\/wp\/v2\/pages\/2490\/revisions\/2595"}],"wp:attachment":[{"href":"https:\/\/kotlinafishing.pl\/index.php?rest_route=%2Fwp%2Fv2%2Fmedia&parent=2490"}],"curies":[{"name":"wp","href":"https:\/\/api.w.org\/{rel}","templated":true}]}}