{"id":2477,"date":"2026-01-24T19:17:38","date_gmt":"2026-01-24T18:17:38","guid":{"rendered":"http:\/\/kotlinafishing.pl\/?page_id=2477"},"modified":"2026-04-02T16:10:53","modified_gmt":"2026-04-02T14:10:53","slug":"elementor-2477","status":"publish","type":"page","link":"https:\/\/kotlinafishing.pl\/?page_id=2477","title":{"rendered":"Regulamin sklepu internetowego"},"content":{"rendered":"\t\t<div data-elementor-type=\"wp-page\" data-elementor-id=\"2477\" class=\"elementor elementor-2477\" wpc-filter-elementor-widget=\"1\">\n\t\t\t\t<div class=\"elementor-element elementor-element-248c2bc e-flex e-con-boxed e-con e-parent\" data-id=\"248c2bc\" data-element_type=\"container\" data-e-type=\"container\">\n\t\t\t\t\t<div class=\"e-con-inner\">\n\t\t\t\t<div class=\"elementor-element elementor-element-8647c4c elementor-widget elementor-widget-heading\" data-id=\"8647c4c\" data-element_type=\"widget\" data-e-type=\"widget\" data-widget_type=\"heading.default\">\n\t\t\t\t\t<h2 class=\"elementor-heading-title elementor-size-default\">REGULAMIN SKLEPU INTERNETOWEGO<\/h2>\t\t\t\t<\/div>\n\t\t\t\t\t<\/div>\n\t\t\t\t<\/div>\n\t\t<div class=\"elementor-element elementor-element-633a21b e-con-full e-flex e-con e-parent\" data-id=\"633a21b\" data-element_type=\"container\" data-e-type=\"container\">\n\t\t\t\t<div class=\"elementor-element elementor-element-e5dcf44 elementor-widget elementor-widget-text-editor\" data-id=\"e5dcf44\" data-element_type=\"widget\" data-e-type=\"widget\" data-widget_type=\"text-editor.default\">\n\t\t\t\t\t\t\t\t\t<h2 data-start=\"646\" data-end=\"688\">\u00a71. Informacje og\u00f3lne i dane Sprzedawcy<\/h2>\n<ol data-start=\"690\" data-end=\"1228\">\n<li data-start=\"690\" data-end=\"952\">\n<p data-start=\"693\" data-end=\"952\">Sklep internetowy dost\u0119pny pod adresem: <b>https:\/\/kotlinafishing.pl<\/b>&nbsp;prowadzony jest przez:<br data-start=\"787\" data-end=\"790\"><strong data-start=\"793\" data-end=\"827\">Kotlina Fishing Sp\u00f3\u0142ka Cywilna<\/strong><br data-start=\"827\" data-end=\"830\">Adres siedziby: <strong data-start=\"849\" data-end=\"884\">ul. Wolno\u015bci 83 A4.2, 57-300 K\u0142odzko<\/strong><br data-start=\"884\" data-end=\"887\">NIP: <b>8831882892<\/b><br data-start=\"916\" data-end=\"919\">REGON: <b>541517721<\/b><\/p>\n<\/li>\n<li data-start=\"953\" data-end=\"1045\">\n<p data-start=\"956\" data-end=\"974\">Dane kontaktowe:<\/p>\n<ul data-start=\"978\" data-end=\"1045\">\n<li data-start=\"978\" data-end=\"1008\">\n<p data-start=\"980\" data-end=\"1008\">e-mail: <b>kotlina.fishing@gmail.com<\/b><\/p>\n<\/li>\n<li data-start=\"1012\" data-end=\"1045\">\n<p data-start=\"1014\" data-end=\"1045\">telefon: <b>+48 609 890 939, +48 667 730 129<\/b><\/p>\n<\/li>\n<\/ul>\n<\/li>\n<li data-start=\"1046\" data-end=\"1228\">\n<p data-start=\"1049\" data-end=\"1228\">Regulamin okre\u015bla zasady korzystania ze sklepu internetowego, sk\u0142adania zam\u00f3wie\u0144, realizacji um\u00f3w sprzeda\u017cy, p\u0142atno\u015bci, dostawy, reklamacji, zwrot\u00f3w oraz ochrony danych osobowych.<\/p>\n<\/li>\n<\/ol>\n<hr data-start=\"1230\" data-end=\"1233\">\n<h2 data-start=\"1235\" data-end=\"1251\">\u00a72. Definicje<\/h2>\n<p data-start=\"1253\" data-end=\"1324\">Na potrzeby niniejszego Regulaminu przyjmuje si\u0119 nast\u0119puj\u0105ce definicje:<\/p>\n<ol data-start=\"1326\" data-end=\"2031\">\n<li data-start=\"1326\" data-end=\"1389\">\n<p data-start=\"1329\" data-end=\"1389\"><strong data-start=\"1329\" data-end=\"1338\">Sklep<\/strong> \u2013 sklep internetowy prowadzony przez Sprzedawc\u0119.<\/p>\n<\/li>\n<li data-start=\"1390\" data-end=\"1443\">\n<p data-start=\"1393\" data-end=\"1443\"><strong data-start=\"1393\" data-end=\"1407\">Sprzedawca<\/strong> \u2013 Kotlina Fishing Sp\u00f3\u0142ka Cywilna.<\/p>\n<\/li>\n<li data-start=\"1444\" data-end=\"1548\">\n<p data-start=\"1447\" data-end=\"1548\"><strong data-start=\"1447\" data-end=\"1457\">Klient<\/strong> \u2013 osoba fizyczna, osoba prawna lub jednostka organizacyjna dokonuj\u0105ca zakup\u00f3w w Sklepie.<\/p>\n<\/li>\n<li data-start=\"1549\" data-end=\"1672\">\n<p data-start=\"1552\" data-end=\"1672\"><strong data-start=\"1552\" data-end=\"1565\">Konsument<\/strong> \u2013 Klient b\u0119d\u0105cy osob\u0105 fizyczn\u0105 dokonuj\u0105c\u0105 zakupu niezwi\u0105zanego bezpo\u015brednio z dzia\u0142alno\u015bci\u0105 gospodarcz\u0105.<\/p>\n<\/li>\n<li data-start=\"1673\" data-end=\"1809\">\n<p data-start=\"1676\" data-end=\"1809\"><strong data-start=\"1676\" data-end=\"1716\">Przedsi\u0119biorca na prawach konsumenta<\/strong> \u2013 osoba fizyczna prowadz\u0105ca dzia\u0142alno\u015b\u0107 gospodarcz\u0105, korzystaj\u0105ca z ochrony konsumenckiej.<\/p>\n<\/li>\n<li data-start=\"1810\" data-end=\"1868\">\n<p data-start=\"1813\" data-end=\"1868\"><strong data-start=\"1813\" data-end=\"1822\">Towar<\/strong> \u2013 produkt oferowany do sprzeda\u017cy w Sklepie.<\/p>\n<\/li>\n<li data-start=\"1869\" data-end=\"1956\">\n<p data-start=\"1872\" data-end=\"1956\"><strong data-start=\"1872\" data-end=\"1891\">Umowa sprzeda\u017cy<\/strong> \u2013 umowa zawierana na odleg\u0142o\u015b\u0107 pomi\u0119dzy Klientem a Sprzedawc\u0105.<\/p>\n<\/li>\n<li data-start=\"1957\" data-end=\"2031\">\n<p data-start=\"1960\" data-end=\"2031\"><strong data-start=\"1960\" data-end=\"1982\">Operator p\u0142atno\u015bci<\/strong> \u2013 PayPro S.A. \u2013 operator systemu <strong data-start=\"2016\" data-end=\"2030\">Przelewy24<\/strong>.<\/p>\n<\/li>\n<\/ol>\n<hr data-start=\"2033\" data-end=\"2036\">\n<h2 data-start=\"2038\" data-end=\"2073\">\u00a73. Zasady korzystania ze Sklepu<\/h2>\n<ol data-start=\"2075\" data-end=\"2351\">\n<li data-start=\"2075\" data-end=\"2231\">\n<p data-start=\"2078\" data-end=\"2117\">Do korzystania ze Sklepu wymagane s\u0105:<\/p>\n<ul data-start=\"2121\" data-end=\"2231\">\n<li data-start=\"2121\" data-end=\"2160\">\n<p data-start=\"2123\" data-end=\"2160\">urz\u0105dzenie z dost\u0119pem do Internetu,<\/p>\n<\/li>\n<li data-start=\"2164\" data-end=\"2202\">\n<p data-start=\"2166\" data-end=\"2202\">aktualna przegl\u0105darka internetowa,<\/p>\n<\/li>\n<li data-start=\"2206\" data-end=\"2231\">\n<p data-start=\"2208\" data-end=\"2231\">aktywne konto e-mail.<\/p>\n<\/li>\n<\/ul>\n<\/li>\n<li data-start=\"2232\" data-end=\"2299\">\n<p data-start=\"2235\" data-end=\"2299\">Klient zobowi\u0105zany jest do podawania danych zgodnych z prawd\u0105.<\/p>\n<\/li>\n<li data-start=\"2300\" data-end=\"2351\">\n<p data-start=\"2303\" data-end=\"2351\">Zabronione jest dostarczanie tre\u015bci bezprawnych.<\/p>\n<\/li>\n<\/ol>\n<hr data-start=\"2353\" data-end=\"2356\">\n<h2 data-start=\"2358\" data-end=\"2396\">\u00a74. Sk\u0142adanie i realizacja zam\u00f3wie\u0144<\/h2>\n<ol data-start=\"2398\" data-end=\"2817\">\n<li data-start=\"2398\" data-end=\"2470\">\n<p data-start=\"2401\" data-end=\"2470\">Zam\u00f3wienia mo\u017cna sk\u0142ada\u0107 24\/7 za po\u015brednictwem strony internetowej.<\/p>\n<\/li>\n<li data-start=\"2398\" data-end=\"2470\">\n<p data-start=\"2401\" data-end=\"2470\">Minimalna warto\u015b\u0107 zam\u00f3wienia w sklepie internetowym wynosi 50z\u0142 brutto. W przypadku dostawy wysy\u0142kowej zam\u00f3wienia o ni\u017cszej warto\u015bci nie b\u0119d\u0105 realizowane. Ograniczenie minimalnej warto\u015bci zam\u00f3wienia nie obowi\u0105zuje w przypadku wyboru odbioru osobistego w sklepie stacjonarnym.<\/p>\n<\/li>\n<li data-start=\"2471\" data-end=\"2716\">\n<p data-start=\"2474\" data-end=\"2513\">Proces sk\u0142adania zam\u00f3wienia obejmuje:<\/p>\n<ul data-start=\"2517\" data-end=\"2716\">\n<li data-start=\"2517\" data-end=\"2536\">\n<p data-start=\"2519\" data-end=\"2536\">wyb\u00f3r produktu,<\/p>\n<\/li>\n<li data-start=\"2540\" data-end=\"2563\">\n<p data-start=\"2542\" data-end=\"2563\">dodanie do koszyka,<\/p>\n<\/li>\n<li data-start=\"2567\" data-end=\"2605\">\n<p data-start=\"2569\" data-end=\"2605\">wyb\u00f3r sposobu dostawy i p\u0142atno\u015bci,<\/p>\n<\/li>\n<li data-start=\"2609\" data-end=\"2653\">\n<p data-start=\"2611\" data-end=\"2653\">podanie danych do realizacji zam\u00f3wienia,<\/p>\n<\/li>\n<li data-start=\"2657\" data-end=\"2683\">\n<p data-start=\"2659\" data-end=\"2683\">akceptacj\u0119 Regulaminu,<\/p>\n<\/li>\n<li data-start=\"2687\" data-end=\"2716\">\n<p data-start=\"2689\" data-end=\"2716\">potwierdzenie zam\u00f3wienia.<\/p>\n<\/li>\n<\/ul>\n<\/li>\n<li data-start=\"2717\" data-end=\"2817\">\n<p data-start=\"2720\" data-end=\"2817\">Umowa sprzeda\u017cy zostaje zawarta z chwil\u0105 potwierdzenia zam\u00f3wienia przez Sprzedawc\u0119 drog\u0105 mailow\u0105.<\/p>\n<\/li>\n<\/ol>\n<hr data-start=\"2819\" data-end=\"2822\">\n<h2 data-start=\"2824\" data-end=\"2844\">\u00a75. Ceny i koszty<\/h2>\n<ol data-start=\"2846\" data-end=\"3093\">\n<li data-start=\"2846\" data-end=\"2912\">\n<p data-start=\"2849\" data-end=\"2912\">Wszystkie ceny podane w Sklepie s\u0105 cenami <strong data-start=\"2891\" data-end=\"2909\">brutto (z VAT)<\/strong>.<\/p>\n<\/li>\n<li data-start=\"2913\" data-end=\"2989\">\n<p data-start=\"2916\" data-end=\"2989\">Koszty dostawy s\u0105 podawane osobno i zale\u017cne od wybranej metody wysy\u0142ki.<\/p>\n<\/li>\n<li data-start=\"2990\" data-end=\"3093\">\n<p data-start=\"2993\" data-end=\"3093\">Sprzedawca zastrzega sobie prawo do zmiany cen, przy czym zmiany nie dotycz\u0105 zam\u00f3wie\u0144 ju\u017c z\u0142o\u017conych.<\/p>\n<\/li>\n<\/ol>\n<hr data-start=\"3095\" data-end=\"3098\">\n<h2 data-start=\"3100\" data-end=\"3136\">\u00a76. Metody p\u0142atno\u015bci \u2013 Przelewy24<\/h2>\n<ol data-start=\"3138\" data-end=\"3740\">\n<li data-start=\"3138\" data-end=\"3310\">\n<p data-start=\"3141\" data-end=\"3310\">Sklep umo\u017cliwia p\u0142atno\u015bci online za po\u015brednictwem systemu <strong data-start=\"3199\" data-end=\"3213\">Przelewy24<\/strong>, obs\u0142ugiwanego przez:<br data-start=\"3235\" data-end=\"3238\"><strong data-start=\"3241\" data-end=\"3307\">PayPro S.A., ul. Pastelowa 8, 60-198 Pozna\u0144, NIP 779-236-98-87<\/strong>.<\/p>\n<\/li>\n<li data-start=\"3311\" data-end=\"3525\">\n<p data-start=\"3314\" data-end=\"3370\">Dost\u0119pne metody p\u0142atno\u015bci w Przelewy24 obejmuj\u0105 m.in.:<\/p>\n<ul data-start=\"3374\" data-end=\"3525\">\n<li data-start=\"3374\" data-end=\"3403\">\n<p data-start=\"3376\" data-end=\"3403\">szybkie przelewy bankowe,<\/p>\n<\/li>\n<li data-start=\"3407\" data-end=\"3416\">\n<p data-start=\"3409\" data-end=\"3416\">BLIK,<\/p>\n<\/li>\n<li data-start=\"3420\" data-end=\"3459\">\n<p data-start=\"3422\" data-end=\"3459\">karty p\u0142atnicze (Visa, Mastercard),<\/p>\n<\/li>\n<li data-start=\"3463\" data-end=\"3525\">\n<p data-start=\"3465\" data-end=\"3525\">p\u0142atno\u015bci mobilne (Apple Pay, Google Pay \u2013 je\u015bli aktywne).<\/p>\n<\/li>\n<\/ul>\n<\/li>\n<li data-start=\"3526\" data-end=\"3607\">\n<p data-start=\"3529\" data-end=\"3607\">Transakcje realizowane s\u0105 z u\u017cyciem bezpiecznych protoko\u0142\u00f3w szyfrowania SSL.<\/p>\n<\/li>\n<li data-start=\"3608\" data-end=\"3668\">\n<p data-start=\"3611\" data-end=\"3668\">Sklep nie przechowuje danych kart p\u0142atniczych Klient\u00f3w.<\/p>\n<\/li>\n<li data-start=\"3669\" data-end=\"3740\">\n<p data-start=\"3672\" data-end=\"3740\">W przypadku nieudanej p\u0142atno\u015bci zam\u00f3wienie nie zostaje zrealizowane.<\/p>\n<\/li>\n<\/ol>\n<hr data-start=\"3742\" data-end=\"3745\">\n<h2 data-start=\"3747\" data-end=\"3783\">\u00a77. Dostawa i realizacja zam\u00f3wie\u0144<\/h2>\n<ol data-start=\"3785\" data-end=\"4022\">\n<li data-start=\"3785\" data-end=\"3834\">\n<p data-start=\"3788\" data-end=\"3834\">Zam\u00f3wienia realizowane s\u0105 na terenie Polski.<\/p>\n<\/li>\n<li data-start=\"3835\" data-end=\"3943\">\n<p data-start=\"3838\" data-end=\"3943\">Czas realizacji zam\u00f3wienia wynosi od <strong data-start=\"3875\" data-end=\"3899\">1 do 5 dni roboczych<\/strong>, o ile opis produktu nie stanowi inaczej.<\/p>\n<\/li>\n<li data-start=\"3944\" data-end=\"4022\">\n<p data-start=\"3947\" data-end=\"4022\">Dostawa realizowana jest za po\u015brednictwem firm kurierskich lub paczkomat\u00f3w.<\/p>\n<\/li>\n<li data-start=\"3944\" data-end=\"4022\">\n<p data-start=\"3947\" data-end=\"4022\">Realizacja zam\u00f3wie\u0144 wysy\u0142kowych mo\u017cliwa jest przy minimalnej warto\u015bci zam\u00f3wienia okre\u015blonej w&nbsp;<span style=\"color: rgb(64, 64, 64); font-family: &quot;Droid Serif&quot;, sans-serif; font-size: 17.5px;\">\u00a74 Regulaminu.<\/span><\/p>\n<\/li>\n<\/ol>\n<hr data-start=\"4024\" data-end=\"4027\">\n<h2 data-start=\"4029\" data-end=\"4057\">\u00a78. Reklamacje i r\u0119kojmia<\/h2>\n<ol data-start=\"4059\" data-end=\"4280\">\n<li data-start=\"4059\" data-end=\"4145\">\n<p data-start=\"4062\" data-end=\"4145\">Sprzedawca odpowiada wobec Konsumenta za wady towaru zgodnie z Kodeksem cywilnym.<\/p>\n<\/li>\n<li data-start=\"4146\" data-end=\"4227\">\n<p data-start=\"4149\" data-end=\"4176\">Reklamacje mo\u017cna sk\u0142ada\u0107:<\/p>\n<ul data-start=\"4180\" data-end=\"4227\">\n<li data-start=\"4180\" data-end=\"4192\">\n<p data-start=\"4182\" data-end=\"4192\">mailowo,<\/p>\n<\/li>\n<li data-start=\"4196\" data-end=\"4227\">\n<p data-start=\"4198\" data-end=\"4227\">pisemnie na adres siedziby.<\/p>\n<\/li>\n<\/ul>\n<\/li>\n<li data-start=\"4228\" data-end=\"4280\">\n<p data-start=\"4231\" data-end=\"4280\">Reklamacje rozpatrywane s\u0105 w terminie <strong data-start=\"4269\" data-end=\"4279\">14 dni kalendarzowych<\/strong>.<\/p>\n<\/li>\n<\/ol>\n<hr data-start=\"4282\" data-end=\"4285\">\n<h2 data-start=\"4287\" data-end=\"4329\">\u00a79. Prawo odst\u0105pienia od umowy (zwroty)<\/h2>\n<ol data-start=\"4331\" data-end=\"4627\">\n<li data-start=\"4331\" data-end=\"4417\">\n<p data-start=\"4334\" data-end=\"4417\">Konsument ma prawo odst\u0105pi\u0107 od umowy w terminie <strong data-start=\"4382\" data-end=\"4392\">14 dni<\/strong> bez podania przyczyny.<\/p>\n<\/li>\n<li data-start=\"4418\" data-end=\"4466\">\n<p data-start=\"4421\" data-end=\"4466\">Termin liczy si\u0119 od dnia otrzymania towaru.<\/p>\n<\/li>\n<li data-start=\"4467\" data-end=\"4544\">\n<p data-start=\"4470\" data-end=\"4544\">Zwrot \u015brodk\u00f3w nast\u0119puje w terminie <strong data-start=\"4505\" data-end=\"4515\">14 dni<\/strong>, t\u0105 sam\u0105 metod\u0105 p\u0142atno\u015bci.<\/p>\n<\/li>\n<li data-start=\"4545\" data-end=\"4627\">\n<p data-start=\"4548\" data-end=\"4627\">Towar nie mo\u017ce nosi\u0107 \u015blad\u00f3w u\u017cytkowania wykraczaj\u0105cych poza zwyk\u0142e sprawdzenie.<\/p>\n<\/li>\n<\/ol>\n<hr data-start=\"4629\" data-end=\"4632\">\n<h2 data-start=\"4634\" data-end=\"4651\">\u00a710. Gwarancje<\/h2>\n<ol data-start=\"4653\" data-end=\"4768\">\n<li data-start=\"4653\" data-end=\"4702\">\n<p data-start=\"4656\" data-end=\"4702\">Towary mog\u0105 by\u0107 obj\u0119te gwarancj\u0105 producenta.<\/p>\n<\/li>\n<li data-start=\"4703\" data-end=\"4768\">\n<p data-start=\"4706\" data-end=\"4768\">Warunki gwarancji okre\u015bla karta gwarancyjna lub opis produktu.<\/p>\n<\/li>\n<\/ol>\n<hr data-start=\"4770\" data-end=\"4773\">\n<h2 data-start=\"4775\" data-end=\"4814\">\u00a711. Ochrona danych osobowych (RODO)<\/h2>\n<ol data-start=\"4816\" data-end=\"5111\">\n<li data-start=\"4816\" data-end=\"4870\">\n<p data-start=\"4819\" data-end=\"4870\">Administratorem danych osobowych jest Sprzedawca.<\/p>\n<\/li>\n<li data-start=\"4871\" data-end=\"4955\">\n<p data-start=\"4874\" data-end=\"4955\">Dane przetwarzane s\u0105 w celu realizacji zam\u00f3wie\u0144, obs\u0142ugi reklamacji i kontaktu.<\/p>\n<\/li>\n<li data-start=\"4956\" data-end=\"5021\">\n<p data-start=\"4959\" data-end=\"5021\">Dane przechowywane s\u0105 przez okres wymagany przepisami prawa.<\/p>\n<\/li>\n<li data-start=\"5022\" data-end=\"5111\">\n<p data-start=\"5025\" data-end=\"5111\">Klient ma prawo dost\u0119pu, poprawiania, usuni\u0119cia danych oraz wniesienia skargi do UODO.<\/p>\n<\/li>\n<\/ol>\n<hr data-start=\"5113\" data-end=\"5116\">\n<h2 data-start=\"5118\" data-end=\"5142\">\u00a712. Polityka cookies<\/h2>\n<ol data-start=\"5144\" data-end=\"5328\">\n<li data-start=\"5144\" data-end=\"5262\">\n<p data-start=\"5147\" data-end=\"5262\">Sklep wykorzystuje pliki cookies w celu prawid\u0142owego dzia\u0142ania strony oraz cel\u00f3w statystycznych i marketingowych.<\/p>\n<\/li>\n<li data-start=\"5263\" data-end=\"5328\">\n<p data-start=\"5266\" data-end=\"5328\">Klient mo\u017ce zarz\u0105dza\u0107 cookies poprzez ustawienia przegl\u0105darki.<\/p>\n<\/li>\n<\/ol>\n<hr data-start=\"5330\" data-end=\"5333\">\n<h2 data-start=\"5335\" data-end=\"5364\">\u00a713. Postanowienia ko\u0144cowe<\/h2>\n<ol data-start=\"5366\" data-end=\"5517\">\n<li data-start=\"5366\" data-end=\"5405\">\n<p data-start=\"5369\" data-end=\"5405\">Regulamin podlega prawu polskiemu.<\/p>\n<\/li>\n<li data-start=\"5406\" data-end=\"5466\">\n<p data-start=\"5409\" data-end=\"5466\">Spory rozstrzygane b\u0119d\u0105 przez w\u0142a\u015bciwe s\u0105dy powszechne.<\/p>\n<\/li>\n<li data-start=\"5467\" data-end=\"5517\">\n<p data-start=\"5470\" data-end=\"5517\">Sprzedawca zastrzega prawo do zmian Regulaminu<\/p>\n<\/li>\n<\/ol>\t\t\t\t\t\t\t\t<\/div>\n\t\t\t\t<\/div>\n\t\t\t\t<\/div>\n\t\t","protected":false},"excerpt":{"rendered":"<p>REGULAMIN SKLEPU INTERNETOWEGO \u00a71. Informacje og\u00f3lne i dane Sprzedawcy Sklep internetowy dost\u0119pny pod adresem: https:\/\/kotlinafishing.pl&nbsp;prowadzony jest przez:Kotlina Fishing Sp\u00f3\u0142ka CywilnaAdres siedziby: ul. Wolno\u015bci 83 A4.2, 57-300 K\u0142odzkoNIP: 8831882892REGON: 541517721 Dane kontaktowe: e-mail: kotlina.fishing@gmail.com telefon: +48 609 890 939, +48 667 730 129 Regulamin okre\u015bla zasady korzystania ze sklepu internetowego, sk\u0142adania zam\u00f3wie\u0144, realizacji um\u00f3w sprzeda\u017cy, p\u0142atno\u015bci,&hellip;<\/p>\n","protected":false},"author":1,"featured_media":0,"parent":0,"menu_order":0,"comment_status":"closed","ping_status":"closed","template":"","meta":{"footnotes":""},"class_list":["post-2477","page","type-page","status-publish","hentry"],"_links":{"self":[{"href":"https:\/\/kotlinafishing.pl\/index.php?rest_route=\/wp\/v2\/pages\/2477","targetHints":{"allow":["GET"]}}],"collection":[{"href":"https:\/\/kotlinafishing.pl\/index.php?rest_route=\/wp\/v2\/pages"}],"about":[{"href":"https:\/\/kotlinafishing.pl\/index.php?rest_route=\/wp\/v2\/types\/page"}],"author":[{"embeddable":true,"href":"https:\/\/kotlinafishing.pl\/index.php?rest_route=\/wp\/v2\/users\/1"}],"replies":[{"embeddable":true,"href":"https:\/\/kotlinafishing.pl\/index.php?rest_route=%2Fwp%2Fv2%2Fcomments&post=2477"}],"version-history":[{"count":11,"href":"https:\/\/kotlinafishing.pl\/index.php?rest_route=\/wp\/v2\/pages\/2477\/revisions"}],"predecessor-version":[{"id":3638,"href":"https:\/\/kotlinafishing.pl\/index.php?rest_route=\/wp\/v2\/pages\/2477\/revisions\/3638"}],"wp:attachment":[{"href":"https:\/\/kotlinafishing.pl\/index.php?rest_route=%2Fwp%2Fv2%2Fmedia&parent=2477"}],"curies":[{"name":"wp","href":"https:\/\/api.w.org\/{rel}","templated":true}]}}